{"id":36335,"date":"2018-01-06T21:02:18","date_gmt":"2018-01-06T21:02:18","guid":{"rendered":"https:\/\/www.alltpaettkort.com\/produkt\/london-second-edition\/"},"modified":"2022-01-13T08:35:41","modified_gmt":"2022-01-13T08:35:41","slug":"london-second-edition","status":"publish","type":"product","link":"https:\/\/www.alltpaettkort.com\/en\/product\/london-second-edition\/","title":{"rendered":"London (second edition)"},"content":{"rendered":"<p>A brand new edition of a popular classic, <em><strong>London<\/strong><\/em> will appeal to the strategic thinker among board game fans. Tasked with rebuilding London in the decades following the great fire, players juggle building requirements, bank loans, and poverty as they strive to realize their vision for the city.<\/p>\n<p>The game features a unique mechanism of playing cards to develop the city, then &#8221;running&#8221; the city by taking all the card actions simultaneously. Players have to repay all their loans before the game ends, but need to worry only about how much poverty they&#8217;re creating relative to the other players.<\/p>\n<p><strong>F\u00f6r 2-4 spelare<\/strong><br \/>\n<strong>60-90 min speltid<\/strong><br \/>\n<strong>Rekommenderad \u00e5lder: 14 <\/strong><br \/>\n<strong><a href=\"https:\/\/boardgamegeek.com\/boardgame\/236191\/london-second-edition\" target=\"_blank\" rel=\"noopener\">L\u00e4s mer p\u00e5 Boardgamegeek<\/a><\/strong><\/p>","protected":false},"excerpt":{"rendered":"<p>Stilig ny utg\u00e5va av Martin Wallace klassiker om att bygga upp staden p\u00e5 nytt efter den sv\u00e5ra eldh\u00e4rjningen!<\/p>","protected":false},"featured_media":36336,"template":"","meta":[],"product_brand":[],"product_cat":[17],"product_tag":[458],"class_list":{"0":"post-36335","1":"product","2":"type-product","3":"status-publish","4":"has-post-thumbnail","6":"product_cat-strategispel","7":"product_tag-osprey-games","9":"first","10":"outofstock","11":"taxable","12":"shipping-taxable","13":"purchasable","14":"product-type-simple"},"_links":{"self":[{"href":"https:\/\/www.alltpaettkort.com\/en\/wp-json\/wp\/v2\/product\/36335","targetHints":{"allow":["GET"]}}],"collection":[{"href":"https:\/\/www.alltpaettkort.com\/en\/wp-json\/wp\/v2\/product"}],"about":[{"href":"https:\/\/www.alltpaettkort.com\/en\/wp-json\/wp\/v2\/types\/product"}],"wp:featuredmedia":[{"embeddable":true,"href":"https:\/\/www.alltpaettkort.com\/en\/wp-json\/wp\/v2\/media\/36336"}],"wp:attachment":[{"href":"https:\/\/www.alltpaettkort.com\/en\/wp-json\/wp\/v2\/media?parent=36335"}],"wp:term":[{"taxonomy":"product_brand","embeddable":true,"href":"https:\/\/www.alltpaettkort.com\/en\/wp-json\/wp\/v2\/product_brand?post=36335"},{"taxonomy":"product_cat","embeddable":true,"href":"https:\/\/www.alltpaettkort.com\/en\/wp-json\/wp\/v2\/product_cat?post=36335"},{"taxonomy":"product_tag","embeddable":true,"href":"https:\/\/www.alltpaettkort.com\/en\/wp-json\/wp\/v2\/product_tag?post=36335"}],"curies":[{"name":"wp","href":"https:\/\/api.w.org\/{rel}","templated":true}]}}