{"id":36349,"date":"2018-01-06T14:56:24","date_gmt":"2018-01-06T14:56:24","guid":{"rendered":"https:\/\/www.alltpaettkort.com\/produkt\/orleans-trade-intrigue\/"},"modified":"2022-01-13T08:35:42","modified_gmt":"2022-01-13T08:35:42","slug":"orleans-trade-intrigue","status":"publish","type":"product","link":"https:\/\/www.alltpaettkort.com\/en\/product\/orleans-trade-intrigue\/","title":{"rendered":"Orl\u00e9ans: Trade &#038; Intrigue"},"content":{"rendered":"<p><em><strong>Orl\u00e9ans: Trade &amp; Intrigue<\/strong><\/em> is the second large expansion for the award-winning game <em>Orl\u00e9ans<\/em>.<\/p>\n<p>In addition to new place tiles, this expansion contains a new &#8221;beneficial deeds&#8221; game board, a new and challenging set of events, and trade contracts. The &#8221;Intrigue&#8221; introduces ways to hinder your opponents&#8217; progress or even allow you to take over your opponents&#8217; achievements.<\/p>\n<p><strong><a href=\"https:\/\/boardgamegeek.com\/boardgameexpansion\/204814\/orleans-trade-intrigue\" target=\"_blank\" rel=\"noopener\">L\u00e4s mer p\u00e5 Boardgamegeek<\/a><\/strong><\/p>","protected":false},"excerpt":{"rendered":"<p>Den andra expansionen till fantastiska Orl\u00e9ans bjuder p\u00e5 nya byggnader, ett nytt spelbr\u00e4de, event-set och sp\u00e4nnande intrig-m\u00f6jligheter!<\/p>","protected":false},"featured_media":36350,"template":"","meta":[],"product_brand":[],"product_cat":[43],"product_tag":[343,344],"class_list":{"0":"post-36349","1":"product","2":"type-product","3":"status-publish","4":"has-post-thumbnail","6":"product_cat-expansion","7":"product_tag-dlp-games","8":"product_tag-orleans","10":"first","11":"outofstock","12":"taxable","13":"shipping-taxable","14":"purchasable","15":"product-type-simple"},"_links":{"self":[{"href":"https:\/\/www.alltpaettkort.com\/en\/wp-json\/wp\/v2\/product\/36349","targetHints":{"allow":["GET"]}}],"collection":[{"href":"https:\/\/www.alltpaettkort.com\/en\/wp-json\/wp\/v2\/product"}],"about":[{"href":"https:\/\/www.alltpaettkort.com\/en\/wp-json\/wp\/v2\/types\/product"}],"wp:featuredmedia":[{"embeddable":true,"href":"https:\/\/www.alltpaettkort.com\/en\/wp-json\/wp\/v2\/media\/36350"}],"wp:attachment":[{"href":"https:\/\/www.alltpaettkort.com\/en\/wp-json\/wp\/v2\/media?parent=36349"}],"wp:term":[{"taxonomy":"product_brand","embeddable":true,"href":"https:\/\/www.alltpaettkort.com\/en\/wp-json\/wp\/v2\/product_brand?post=36349"},{"taxonomy":"product_cat","embeddable":true,"href":"https:\/\/www.alltpaettkort.com\/en\/wp-json\/wp\/v2\/product_cat?post=36349"},{"taxonomy":"product_tag","embeddable":true,"href":"https:\/\/www.alltpaettkort.com\/en\/wp-json\/wp\/v2\/product_tag?post=36349"}],"curies":[{"name":"wp","href":"https:\/\/api.w.org\/{rel}","templated":true}]}}