{"id":36388,"date":"2018-01-01T10:38:20","date_gmt":"2018-01-01T10:38:20","guid":{"rendered":"https:\/\/www.alltpaettkort.com\/produkt\/stuffed-fables\/"},"modified":"2022-01-13T08:35:43","modified_gmt":"2022-01-13T08:35:43","slug":"stuffed-fables","status":"publish","type":"product","link":"https:\/\/www.alltpaettkort.com\/en\/product\/stuffed-fables\/","title":{"rendered":"Stuffed Fables"},"content":{"rendered":"<p><strong><em>Stuffed Fables<\/em> is an<em> AdventureBook Game<\/em> \u2013 an exciting new product line from Plaid Hat Games.\u00a0In an <em>AdventureBook<\/em><em> Game <\/em>all of the action takes place in the unique storybook \u2013 a book that acts as your rules reference, story guide, and game board, all in one!<\/strong><\/p>\n<p>Sworn to protect the little girl that loves them, a group of stuffed toys has been drawn into the Fall, an otherworldly, fantastic realm ruled by a brooding master of nightmares.<\/p>\n<p><strong><em>Stuffed Fables <\/em><\/strong>is a unique adventure game in which players take on the roles of brave stuffies seeking to save the child they love from a scheming, evil mastermind. Players roll and assign color-coded dice to perform a wide variety of actions, from daring melee attacks, to leaping across conveyor belts, or steering a racing wagon down a peril-filled hill.<\/p>\n<p><strong><em>Stuffed Fables <\/em><\/strong>delivers an exciting narrative adventure driven by player choices. Players explore a world of wonder and danger, unlocking unique discoveries as they interact with the story. <strong><em>Stuffed Fables <\/em><\/strong>is ideal for families, as well as groups of adults who haven\u2019t forgotten their childlike sense of wonder.<\/p>\n<div class=\"contents\">\n<h2>Set Contents:<\/h2>\n<ul>\n<li style=\"list-style-type: none;\">\n<ul>\n<li>23 finely detailed miniatures<\/li>\n<li>35 multicolored dice and 1 dice bag<\/li>\n<li>6 unique character cards<\/li>\n<li>A large 100  page storybook<\/li>\n<li>1 Sideboard<\/li>\n<li>29 Lost cards<\/li>\n<li>10 Sleep cards<\/li>\n<li>47 Item cards<\/li>\n<li>40 Discovery cards<\/li>\n<li>A large collection of counters<\/li>\n<li>And more!<\/li>\n<\/ul>\n<\/li>\n<\/ul>\n<\/div>\n<p>&nbsp;<\/p>\n<p><strong>F\u00f6r 2-4 spelare<\/strong><br \/>\n<strong>60-90 min speltid<\/strong><br \/>\n<strong>Rekommenderad \u00e5lder: 7 <\/strong><br \/>\n<strong><a href=\"https:\/\/boardgamegeek.com\/boardgame\/233312\/stuffed-fables\" target=\"_blank\" rel=\"noopener\">L\u00e4s mer p\u00e5 Boardgamegeek<\/a><\/strong><\/p>","protected":false},"excerpt":{"rendered":"<p>F\u00f6rtjusande nytt spel fr\u00e5n mannen bakom\u00a0helmysiga Mice &amp; Mystics, d\u00e4r\u00a0ett g\u00e4ng gosedjur beger sig ut p\u00e5 \u00e4ventyr\u00a0f\u00f6r att r\u00e4dda ett barn!<\/p>","protected":false},"featured_media":36389,"template":"","meta":[],"product_brand":[],"product_cat":[34,69,31],"product_tag":[78],"class_list":{"0":"post-36388","1":"product","2":"type-product","3":"status-publish","4":"has-post-thumbnail","6":"product_cat-aventyrsspel","7":"product_cat-barnspel","8":"product_cat-familjespel","9":"product_tag-plaid-hat-games","11":"first","12":"outofstock","13":"featured","14":"taxable","15":"shipping-taxable","16":"purchasable","17":"product-type-simple"},"_links":{"self":[{"href":"https:\/\/www.alltpaettkort.com\/en\/wp-json\/wp\/v2\/product\/36388","targetHints":{"allow":["GET"]}}],"collection":[{"href":"https:\/\/www.alltpaettkort.com\/en\/wp-json\/wp\/v2\/product"}],"about":[{"href":"https:\/\/www.alltpaettkort.com\/en\/wp-json\/wp\/v2\/types\/product"}],"wp:featuredmedia":[{"embeddable":true,"href":"https:\/\/www.alltpaettkort.com\/en\/wp-json\/wp\/v2\/media\/36389"}],"wp:attachment":[{"href":"https:\/\/www.alltpaettkort.com\/en\/wp-json\/wp\/v2\/media?parent=36388"}],"wp:term":[{"taxonomy":"product_brand","embeddable":true,"href":"https:\/\/www.alltpaettkort.com\/en\/wp-json\/wp\/v2\/product_brand?post=36388"},{"taxonomy":"product_cat","embeddable":true,"href":"https:\/\/www.alltpaettkort.com\/en\/wp-json\/wp\/v2\/product_cat?post=36388"},{"taxonomy":"product_tag","embeddable":true,"href":"https:\/\/www.alltpaettkort.com\/en\/wp-json\/wp\/v2\/product_tag?post=36388"}],"curies":[{"name":"wp","href":"https:\/\/api.w.org\/{rel}","templated":true}]}}