{"id":36416,"date":"2019-03-28T13:01:26","date_gmt":"2019-03-28T13:01:26","guid":{"rendered":"https:\/\/www.alltpaettkort.com\/produkt\/raiders-of-the-north-sea\/"},"modified":"2022-01-13T08:35:45","modified_gmt":"2022-01-13T08:35:45","slug":"raiders-of-the-north-sea","status":"publish","type":"product","link":"https:\/\/www.alltpaettkort.com\/en\/product\/raiders-of-the-north-sea\/","title":{"rendered":"Raiders of the North Sea"},"content":{"rendered":"<p>Raiders of the North Sea is set in the central years of the Viking Age. As Viking warriors, players seek to impress the Chieftain by raiding unsuspecting settlements. Players will need to assemble a crew, collect provisions and journey north to plunder gold, iron and livestock. There is glory to be found in battle, even at the hands of the Valkyrie. So gather your warriors, it\u2019s raiding season!<\/p>\n<p><strong>F\u00f6r 2-4 spelare<\/strong><br \/>\n<strong>60-120 min speltid<\/strong><br \/>\n<strong>Rekommenderad \u00e5lder: 12 <\/strong><br \/>\n<strong><a href=\"https:\/\/boardgamegeek.com\/boardgame\/170042\/raiders-north-sea\" target=\"_blank\" rel=\"noopener\">L\u00e4s mer p\u00e5 Boardgamegeek<\/a><\/strong><\/p>","protected":false},"excerpt":{"rendered":"<p>\u00c4ntligen har vi detta rosade Vikinga-spel i lager! Samla ihop dina vikinga-fr\u00e4nder, proviant och bege er ut p\u00e5 jakt efter guld, j\u00e4rn och boskap!<\/p>","protected":false},"featured_media":36417,"template":"","meta":[],"product_brand":[],"product_cat":[16,34,17],"product_tag":[460,459],"class_list":{"0":"post-36416","1":"product","2":"type-product","3":"status-publish","4":"has-post-thumbnail","6":"product_cat-ameritrash","7":"product_cat-aventyrsspel","8":"product_cat-strategispel","9":"product_tag-raiders-of-the-north-sea","10":"product_tag-renegade-game-studios","12":"first","13":"outofstock","14":"taxable","15":"shipping-taxable","16":"purchasable","17":"product-type-simple"},"_links":{"self":[{"href":"https:\/\/www.alltpaettkort.com\/en\/wp-json\/wp\/v2\/product\/36416","targetHints":{"allow":["GET"]}}],"collection":[{"href":"https:\/\/www.alltpaettkort.com\/en\/wp-json\/wp\/v2\/product"}],"about":[{"href":"https:\/\/www.alltpaettkort.com\/en\/wp-json\/wp\/v2\/types\/product"}],"wp:featuredmedia":[{"embeddable":true,"href":"https:\/\/www.alltpaettkort.com\/en\/wp-json\/wp\/v2\/media\/36417"}],"wp:attachment":[{"href":"https:\/\/www.alltpaettkort.com\/en\/wp-json\/wp\/v2\/media?parent=36416"}],"wp:term":[{"taxonomy":"product_brand","embeddable":true,"href":"https:\/\/www.alltpaettkort.com\/en\/wp-json\/wp\/v2\/product_brand?post=36416"},{"taxonomy":"product_cat","embeddable":true,"href":"https:\/\/www.alltpaettkort.com\/en\/wp-json\/wp\/v2\/product_cat?post=36416"},{"taxonomy":"product_tag","embeddable":true,"href":"https:\/\/www.alltpaettkort.com\/en\/wp-json\/wp\/v2\/product_tag?post=36416"}],"curies":[{"name":"wp","href":"https:\/\/api.w.org\/{rel}","templated":true}]}}