{"id":36425,"date":"2017-12-22T14:10:57","date_gmt":"2017-12-22T14:10:57","guid":{"rendered":"https:\/\/www.alltpaettkort.com\/produkt\/clank-in-space\/"},"modified":"2022-01-13T08:35:47","modified_gmt":"2022-01-13T08:35:47","slug":"clank-in-space","status":"publish","type":"product","link":"https:\/\/www.alltpaettkort.com\/en\/product\/clank-in-space\/","title":{"rendered":"Clank! In! Space!"},"content":{"rendered":"<p>The evil Lord Eradikus has all but conquered the galaxy and is now on a victory lap across the sector in his flagship, Eradikus Prime. He may rule with an iron grip, but his most prized artifacts are about to slip through his cyborg claws. You and your fellow thieves have challenged each other to sneak aboard his ship, hack your way into its command module, and steal from him.<\/p>\n<p>Along the way, you&#8217;ll recruit allies and snatch up extra loot. But one false step and \u2014 Clank! Careless noise draws the attention of Lord Eradikus. Hacking into his command module and stealing his artifacts increases his rage. You&#8217;d better hope your friends are louder than you are if you want to make it to an escape pod and get out alive&#8230;<\/p>\n<p><em><strong>Clank! In! Space!<\/strong><\/em> is built on the same game system as <em>Clank!: A Deck-Building Adventure<\/em>, with players building a personal deck of cards throughout the course of the game, with the cards allowing them to move through the spaceship, attack things, acquire new cards, and \u2014 oh yeah \u2014 make noise to attract Lord Eradikus and potentially seal their own doom.<\/p>\n<p><strong>F\u00f6r 2-4 spelare<\/strong><br \/>\n<strong>60 min speltid<\/strong><br \/>\n<strong>Rekommenderad \u00e5lder: 13 <\/strong><br \/>\n<strong><a href=\"https:\/\/boardgamegeek.com\/boardgame\/233371\/clank-space\" target=\"_blank\" rel=\"noopener\">L\u00e4s mer p\u00e5 Boardgamegeek<\/a><\/strong><\/p>","protected":false},"excerpt":{"rendered":"<p>Superh\u00e4rlig scifi-osande uppf\u00f6ljare till Clank! Ett riktigt m\u00e5ste f\u00f6r alla liksom jag f\u00f6ll som en fura f\u00f6r f\u00f6rsta spelet och dess h\u00e4rliga blandning av \u00e4ventyrande och deckbuilding!<\/p>","protected":false},"featured_media":36426,"template":"","meta":[],"product_brand":[],"product_cat":[16,34],"product_tag":[403,381],"class_list":{"0":"post-36425","1":"product","2":"type-product","3":"status-publish","4":"has-post-thumbnail","6":"product_cat-ameritrash","7":"product_cat-aventyrsspel","8":"product_tag-clank","9":"product_tag-scifispeltips","11":"first","12":"outofstock","13":"taxable","14":"shipping-taxable","15":"purchasable","16":"product-type-simple"},"_links":{"self":[{"href":"https:\/\/www.alltpaettkort.com\/en\/wp-json\/wp\/v2\/product\/36425","targetHints":{"allow":["GET"]}}],"collection":[{"href":"https:\/\/www.alltpaettkort.com\/en\/wp-json\/wp\/v2\/product"}],"about":[{"href":"https:\/\/www.alltpaettkort.com\/en\/wp-json\/wp\/v2\/types\/product"}],"wp:featuredmedia":[{"embeddable":true,"href":"https:\/\/www.alltpaettkort.com\/en\/wp-json\/wp\/v2\/media\/36426"}],"wp:attachment":[{"href":"https:\/\/www.alltpaettkort.com\/en\/wp-json\/wp\/v2\/media?parent=36425"}],"wp:term":[{"taxonomy":"product_brand","embeddable":true,"href":"https:\/\/www.alltpaettkort.com\/en\/wp-json\/wp\/v2\/product_brand?post=36425"},{"taxonomy":"product_cat","embeddable":true,"href":"https:\/\/www.alltpaettkort.com\/en\/wp-json\/wp\/v2\/product_cat?post=36425"},{"taxonomy":"product_tag","embeddable":true,"href":"https:\/\/www.alltpaettkort.com\/en\/wp-json\/wp\/v2\/product_tag?post=36425"}],"curies":[{"name":"wp","href":"https:\/\/api.w.org\/{rel}","templated":true}]}}