{"id":36521,"date":"2018-10-30T09:03:21","date_gmt":"2018-10-30T09:03:21","guid":{"rendered":"https:\/\/www.alltpaettkort.com\/produkt\/arkham-horror-the-card-game-return-to-the-night-of-the-zealot\/"},"modified":"2023-01-30T09:19:19","modified_gmt":"2023-01-30T09:19:19","slug":"arkham-horror-the-card-game-return-to-the-night-of-the-zealot","status":"publish","type":"product","link":"https:\/\/www.alltpaettkort.com\/en\/product\/arkham-horror-the-card-game-return-to-the-night-of-the-zealot\/","title":{"rendered":"Arkham Horror: The Card Game \u2013 Return to the Night of the Zealot"},"content":{"rendered":"<p>You swore that you would never go back. Yet like a snake eating its own tail, you were always meant to return to where it all began. In the <em>Arkham Horror: The Card Game<\/em> Core Set, <em>Night of the Zealot<\/em> presented your first challenge while introducing you to the investigators, mechanics, and environment of <em>Arkham Horror Files<\/em>, providing a stable foundation from which you built you investigations into the unknown and the unknowable. Now, you are invited to return home and begin a new challenge worthy of your expertise.<\/p>\n<p><em>Return<\/em><em>\u00a0to the Night of the Zealot<\/em>\u00a0is an expansion for <em>Arkham Horror: The Card Game<\/em> that enhances and modifies the<em> Night of the Zealot <\/em>campaign with 46 new Encounter cards and 20 new Player Cards. Additionally, this expansion includes a premium box and 18 divider cards to hold your entire <em>Night of the Zealot<\/em> campaign.<\/p>\n<p><em><strong>This is not a standalone product. A copy of Arkham Horror: The Card Game Core Set is required to play.<\/strong><\/em><\/p>\n<p><strong><a href=\"https:\/\/boardgamegeek.com\/boardgameexpansion\/244145\/arkham-horror-card-game-return-night-zealot\" target=\"_blank\" rel=\"noopener noreferrer\">L\u00e4s mer p\u00e5 Boardgamegeek<\/a><\/strong><\/p>","protected":false},"excerpt":{"rendered":"<p>Expansion till\u00a0Arkham Horror: The Card Game som f\u00f6rutom en gedigen premium-l\u00e5da inneh\u00e5ller 18 dividers\u00a0och nya\u00a0kort som f\u00f6r\u00e4ndrar och f\u00f6rl\u00e4nger Night of the Zealot-kampanjen fr\u00e5n grundl\u00e5dan!<\/p>","protected":false},"featured_media":36522,"template":"","meta":[],"product_brand":[],"product_cat":[43],"product_tag":[388,18],"class_list":{"0":"post-36521","1":"product","2":"type-product","3":"status-publish","4":"has-post-thumbnail","6":"product_cat-expansion","7":"product_tag-arkham-horror-the-card-game","8":"product_tag-fantasy-flight-games","10":"first","11":"outofstock","12":"taxable","13":"shipping-taxable","14":"purchasable","15":"product-type-simple"},"_links":{"self":[{"href":"https:\/\/www.alltpaettkort.com\/en\/wp-json\/wp\/v2\/product\/36521","targetHints":{"allow":["GET"]}}],"collection":[{"href":"https:\/\/www.alltpaettkort.com\/en\/wp-json\/wp\/v2\/product"}],"about":[{"href":"https:\/\/www.alltpaettkort.com\/en\/wp-json\/wp\/v2\/types\/product"}],"wp:featuredmedia":[{"embeddable":true,"href":"https:\/\/www.alltpaettkort.com\/en\/wp-json\/wp\/v2\/media\/36522"}],"wp:attachment":[{"href":"https:\/\/www.alltpaettkort.com\/en\/wp-json\/wp\/v2\/media?parent=36521"}],"wp:term":[{"taxonomy":"product_brand","embeddable":true,"href":"https:\/\/www.alltpaettkort.com\/en\/wp-json\/wp\/v2\/product_brand?post=36521"},{"taxonomy":"product_cat","embeddable":true,"href":"https:\/\/www.alltpaettkort.com\/en\/wp-json\/wp\/v2\/product_cat?post=36521"},{"taxonomy":"product_tag","embeddable":true,"href":"https:\/\/www.alltpaettkort.com\/en\/wp-json\/wp\/v2\/product_tag?post=36521"}],"curies":[{"name":"wp","href":"https:\/\/api.w.org\/{rel}","templated":true}]}}