{"id":36626,"date":"2017-10-28T14:12:45","date_gmt":"2017-10-28T14:12:45","guid":{"rendered":"https:\/\/www.alltpaettkort.com\/produkt\/arkham-horror-the-dirge-of-reason\/"},"modified":"2022-01-13T08:35:55","modified_gmt":"2022-01-13T08:35:55","slug":"arkham-horror-the-dirge-of-reason","status":"publish","type":"product","link":"https:\/\/www.alltpaettkort.com\/en\/product\/arkham-horror-the-dirge-of-reason\/","title":{"rendered":"Arkham Horror: The Dirge of Reason"},"content":{"rendered":"<p><em>The Dirge of Reason<\/em> is an Arkham Horror novella by\u00a0Graeme Davis that throws you headfirst into the roaring twenties where tragedy has struck the small town of Arkham, Massachusetts. During an apparent freak accident, the entire New England Virtuosi Orchestra perished and federal agent Roland Banks has been sent all the way from Washington D.C. to investigate. The official report reads, \u201cExplosion, cause unknown.\u201d The house looks like a howitzer shell hit it, but nobody knows why and the local authorities weren\u2019t encouraged to look very hard. Could it have been bootleggers? A mob hit? Or something more sinister, something unnatural?<\/p>\n<p>Now, you can aide Roland Banks with his investigation. Within the pages of <em>The Dirge of Reason<\/em>, you will find full-color inserts of the agent\u2019s case notes as well as all the evidence at his disposal, including letters, newspaper clippings, and official reports. The hardcover novella also comes with four exclusive cards for <em>Arkham Horror: The Card Game<\/em>, including an alternate art version of Roland Banks, that enable players to build a distinct deck for the federal agent based on his experiences within the story.<\/p>","protected":false},"excerpt":{"rendered":"<p>Arkham Horror-novell om Roland Banks och hans utredning kring en &#8221;freak accident&#8221; d\u00e4r en hel orkester gick upp i r\u00f6k! F\u00f6ljer \u00e4ven med 4\u00a0unika kort till Arkham Horror: The Card Game!<\/p>","protected":false},"featured_media":36627,"template":"","meta":[],"product_brand":[],"product_cat":[103],"product_tag":[388,453,18],"class_list":{"0":"post-36626","1":"product","2":"type-product","3":"status-publish","4":"has-post-thumbnail","6":"product_cat-tillbehor","7":"product_tag-arkham-horror-the-card-game","8":"product_tag-arkham-novels","9":"product_tag-fantasy-flight-games","11":"first","12":"outofstock","13":"taxable","14":"shipping-taxable","15":"purchasable","16":"product-type-simple"},"_links":{"self":[{"href":"https:\/\/www.alltpaettkort.com\/en\/wp-json\/wp\/v2\/product\/36626","targetHints":{"allow":["GET"]}}],"collection":[{"href":"https:\/\/www.alltpaettkort.com\/en\/wp-json\/wp\/v2\/product"}],"about":[{"href":"https:\/\/www.alltpaettkort.com\/en\/wp-json\/wp\/v2\/types\/product"}],"wp:featuredmedia":[{"embeddable":true,"href":"https:\/\/www.alltpaettkort.com\/en\/wp-json\/wp\/v2\/media\/36627"}],"wp:attachment":[{"href":"https:\/\/www.alltpaettkort.com\/en\/wp-json\/wp\/v2\/media?parent=36626"}],"wp:term":[{"taxonomy":"product_brand","embeddable":true,"href":"https:\/\/www.alltpaettkort.com\/en\/wp-json\/wp\/v2\/product_brand?post=36626"},{"taxonomy":"product_cat","embeddable":true,"href":"https:\/\/www.alltpaettkort.com\/en\/wp-json\/wp\/v2\/product_cat?post=36626"},{"taxonomy":"product_tag","embeddable":true,"href":"https:\/\/www.alltpaettkort.com\/en\/wp-json\/wp\/v2\/product_tag?post=36626"}],"curies":[{"name":"wp","href":"https:\/\/api.w.org\/{rel}","templated":true}]}}