{"id":36667,"date":"2018-03-10T09:12:03","date_gmt":"2018-03-10T09:12:03","guid":{"rendered":"https:\/\/www.alltpaettkort.com\/produkt\/panic-mansion\/"},"modified":"2022-01-13T08:36:00","modified_gmt":"2022-01-13T08:36:00","slug":"panic-mansion","status":"publish","type":"product","link":"https:\/\/www.alltpaettkort.com\/en\/product\/panic-mansion\/","title":{"rendered":"Panic Mansion"},"content":{"rendered":"<p>The mansion up the hill has always had a reputation\u2026of being cursed. After dark, villagers keep seeing strange things moving behind the windows as the house seems to be &#8221;tilting&#8221; and &#8221;rocking&#8221;. It is said that the only way to break the mansion&#8217;s curse would be to gather in one specific room some of the ghoulish ghosts, wandering eyes, slithering snakes, crawling spiders, and other objects that have been inhabiting its dusty walls. Will you be the first to break the curse\u2026and flee the mansion?<\/p>\n<p>To win <em><strong>Panic Mansion<\/strong><\/em>, you must be the first to complete five challenges by gently tilting and shaking the box to place the correct objects into one room, following the information on the cards.<\/p>\n<p><strong>F\u00f6r 2-4 spelare<\/strong><br \/>\n<strong>10-20 min speltid<\/strong><br \/>\n<strong>Rekommenderad \u00e5lder: 6 <\/strong><br \/>\n<strong><a href=\"https:\/\/boardgamegeek.com\/boardgame\/232045\/panic-mansion\" target=\"_blank\" rel=\"noopener\">L\u00e4s mer p\u00e5 Boardgamegeek<\/a><\/strong><\/p>\n<p>Se Dice Towers finfina recension av spelet h\u00e4r nedan!<\/p>","protected":false},"excerpt":{"rendered":"<p>Ett superh\u00e4rligt och annorlunda spel d\u00e4r spelarna ska f\u00f6rs\u00f6ka styra sp\u00f6ken, ormar, sp\u00f6ken och allehanda tokiga saker, genom att vrida, v\u00e4nda och skaka p\u00e5 sj\u00e4lva l\u00e5dan!<\/p>","protected":false},"featured_media":36668,"template":"","meta":[],"product_brand":[],"product_cat":[69,31],"product_tag":[448],"class_list":{"0":"post-36667","1":"product","2":"type-product","3":"status-publish","4":"has-post-thumbnail","6":"product_cat-barnspel","7":"product_cat-familjespel","8":"product_tag-blue-orange-games","10":"first","11":"outofstock","12":"taxable","13":"shipping-taxable","14":"purchasable","15":"product-type-simple"},"_links":{"self":[{"href":"https:\/\/www.alltpaettkort.com\/en\/wp-json\/wp\/v2\/product\/36667","targetHints":{"allow":["GET"]}}],"collection":[{"href":"https:\/\/www.alltpaettkort.com\/en\/wp-json\/wp\/v2\/product"}],"about":[{"href":"https:\/\/www.alltpaettkort.com\/en\/wp-json\/wp\/v2\/types\/product"}],"wp:featuredmedia":[{"embeddable":true,"href":"https:\/\/www.alltpaettkort.com\/en\/wp-json\/wp\/v2\/media\/36668"}],"wp:attachment":[{"href":"https:\/\/www.alltpaettkort.com\/en\/wp-json\/wp\/v2\/media?parent=36667"}],"wp:term":[{"taxonomy":"product_brand","embeddable":true,"href":"https:\/\/www.alltpaettkort.com\/en\/wp-json\/wp\/v2\/product_brand?post=36667"},{"taxonomy":"product_cat","embeddable":true,"href":"https:\/\/www.alltpaettkort.com\/en\/wp-json\/wp\/v2\/product_cat?post=36667"},{"taxonomy":"product_tag","embeddable":true,"href":"https:\/\/www.alltpaettkort.com\/en\/wp-json\/wp\/v2\/product_tag?post=36667"}],"curies":[{"name":"wp","href":"https:\/\/api.w.org\/{rel}","templated":true}]}}