{"id":36680,"date":"2017-10-29T10:19:47","date_gmt":"2017-10-29T10:19:47","guid":{"rendered":"https:\/\/www.alltpaettkort.com\/produkt\/the-deep-gate\/"},"modified":"2022-01-13T08:36:02","modified_gmt":"2022-01-13T08:36:02","slug":"the-deep-gate","status":"publish","type":"product","link":"https:\/\/www.alltpaettkort.com\/en\/product\/the-deep-gate\/","title":{"rendered":"The Deep Gate"},"content":{"rendered":"<p>Discover what secrets have been drowned in Devil Reef in\u00a0<em>The Deep Gate<\/em>! This Arkham Horror novella by Chris A. Jackson takes readers on a voyage up the Miskatonic River running through Arkham and the along the coasts of fear-shadowed Innsmouth where sailor Silas Marsh seeks answers about the nightmares that have plagued him since his parents&#8217; death. Including full-color inserts of the evidence that Silas has at his disposal, this thrilling novella invites readers to step into the role of investigators searching for answers alongside Silas. But be wary- each answer you uncover brings you closer to the dangers that lurk just beneath the waves.<\/p>\n<p>In addition to a hardcover copy of the novella,\u00a0The Deep Gate\u00a0includes four exclusive cards for\u00a0<em>Arkham Horror: The Card Game\u00a0<\/em>which allow players to add Silas Marsh to their team of investigators, marking his first appearance in the game.\u00a0These cards enable players to build a deck for Silas Marsh, complete with a signature asset and weakness. With these new implements to expand your investigations in the\u00a0Arkham Horror Files\u00a0universe, you are ready to set sail and confront the evils that arise from\u00a0<em>The Deep Gate<\/em>!<\/p>","protected":false},"excerpt":{"rendered":"<p>Arkham Horror-novell om sj\u00f6bj\u00f6rnen Silas March mardr\u00f6mspl\u00e5gor d\u00e4r l\u00e4saren bjuds in som detektiv!\u00a0F\u00f6ljer \u00e4ven med 4\u00a0unika kort till Arkham Horror: The Card Game som g\u00f6r Silas till en spelbar karakt\u00e4r!<\/p>","protected":false},"featured_media":36681,"template":"","meta":[],"product_brand":[],"product_cat":[103],"product_tag":[388,453,18],"class_list":{"0":"post-36680","1":"product","2":"type-product","3":"status-publish","4":"has-post-thumbnail","6":"product_cat-tillbehor","7":"product_tag-arkham-horror-the-card-game","8":"product_tag-arkham-novels","9":"product_tag-fantasy-flight-games","11":"first","12":"outofstock","13":"taxable","14":"shipping-taxable","15":"purchasable","16":"product-type-simple"},"_links":{"self":[{"href":"https:\/\/www.alltpaettkort.com\/en\/wp-json\/wp\/v2\/product\/36680","targetHints":{"allow":["GET"]}}],"collection":[{"href":"https:\/\/www.alltpaettkort.com\/en\/wp-json\/wp\/v2\/product"}],"about":[{"href":"https:\/\/www.alltpaettkort.com\/en\/wp-json\/wp\/v2\/types\/product"}],"wp:featuredmedia":[{"embeddable":true,"href":"https:\/\/www.alltpaettkort.com\/en\/wp-json\/wp\/v2\/media\/36681"}],"wp:attachment":[{"href":"https:\/\/www.alltpaettkort.com\/en\/wp-json\/wp\/v2\/media?parent=36680"}],"wp:term":[{"taxonomy":"product_brand","embeddable":true,"href":"https:\/\/www.alltpaettkort.com\/en\/wp-json\/wp\/v2\/product_brand?post=36680"},{"taxonomy":"product_cat","embeddable":true,"href":"https:\/\/www.alltpaettkort.com\/en\/wp-json\/wp\/v2\/product_cat?post=36680"},{"taxonomy":"product_tag","embeddable":true,"href":"https:\/\/www.alltpaettkort.com\/en\/wp-json\/wp\/v2\/product_tag?post=36680"}],"curies":[{"name":"wp","href":"https:\/\/api.w.org\/{rel}","templated":true}]}}