{"id":36717,"date":"2018-03-20T15:17:04","date_gmt":"2018-03-20T15:17:04","guid":{"rendered":"https:\/\/www.alltpaettkort.com\/produkt\/star-wars-legion\/"},"modified":"2022-01-13T08:36:03","modified_gmt":"2022-01-13T08:36:03","slug":"star-wars-legion","status":"publish","type":"product","link":"https:\/\/www.alltpaettkort.com\/en\/product\/star-wars-legion\/","title":{"rendered":"Star Wars: Legion"},"content":{"rendered":"<p>Warfare is an inescapable part of the <em>Star Wars<\/em> universe, from the Rebel Alliance&#8217;s defeat in the Battle of Hoth to a few elite Rebel strike teams taking on a legion of stormtroopers on the Forest Moon of Endor. You can seize your chance to get your boots on the ground and lead your troops to victory with <em><strong>Star Wars: Legion<\/strong><\/em>, a miniatures game of thrilling infantry battles in the <em>Star Wars<\/em> universe!<\/p>\n<p><em>Star Wars: Legion<\/em> invites you to enter the ground battles of the Galactic Civil War as the commander of a unique army of miniatures filled with troopers, powerful ground or repulsor vehicles, and iconic characters like Darth Vader or Luke Skywalker. While innovative mechanics for command and control simulate the fog of war and the chaos of battle, the game\u2019s unpainted, easily assembled minis give you a canvas to create the Star Wars army you\u2019ve always wanted to lead into battle \u2014 whether you fight for the monolithic, oppressive Galactic Empire or the ragtag Rebel Alliance.<\/p>\n<p><strong>F\u00f6r 2 spelare<\/strong><br \/>\n<strong>60-120 min speltid<\/strong><br \/>\n<strong>Rekommenderad \u00e5lder: 14 <\/strong><br \/>\n<strong><a href=\"https:\/\/boardgamegeek.com\/boardgame\/233571\/star-wars-legion\" target=\"_blank\" rel=\"noopener\">L\u00e4s mer p\u00e5 Boardgamegeek<\/a><\/strong><br \/>\n<iframe src=\"https:\/\/www.youtube.com\/embed\/8hNV5sSNM5M\" width=\"560\" height=\"315\" frameborder=\"0\" allowfullscreen=\"allowfullscreen\"><\/iframe><\/p>","protected":false},"excerpt":{"rendered":"<p>Helm\u00e4ktigt Star Wars-spel som fokuserar p\u00e5 episka markstrider! Inneh\u00e5ller allt du beh\u00f6ver f\u00f6r att dundra ig\u00e5ng med bataljerna!<\/p>","protected":false},"featured_media":36718,"template":"","meta":[],"product_brand":[],"product_cat":[16,22],"product_tag":[18,464],"class_list":{"0":"post-36717","1":"product","2":"type-product","3":"status-publish","4":"has-post-thumbnail","6":"product_cat-ameritrash","7":"product_cat-krigsspel","8":"product_tag-fantasy-flight-games","9":"product_tag-star-wars-legion","11":"first","12":"outofstock","13":"taxable","14":"shipping-taxable","15":"purchasable","16":"product-type-simple"},"_links":{"self":[{"href":"https:\/\/www.alltpaettkort.com\/en\/wp-json\/wp\/v2\/product\/36717","targetHints":{"allow":["GET"]}}],"collection":[{"href":"https:\/\/www.alltpaettkort.com\/en\/wp-json\/wp\/v2\/product"}],"about":[{"href":"https:\/\/www.alltpaettkort.com\/en\/wp-json\/wp\/v2\/types\/product"}],"wp:featuredmedia":[{"embeddable":true,"href":"https:\/\/www.alltpaettkort.com\/en\/wp-json\/wp\/v2\/media\/36718"}],"wp:attachment":[{"href":"https:\/\/www.alltpaettkort.com\/en\/wp-json\/wp\/v2\/media?parent=36717"}],"wp:term":[{"taxonomy":"product_brand","embeddable":true,"href":"https:\/\/www.alltpaettkort.com\/en\/wp-json\/wp\/v2\/product_brand?post=36717"},{"taxonomy":"product_cat","embeddable":true,"href":"https:\/\/www.alltpaettkort.com\/en\/wp-json\/wp\/v2\/product_cat?post=36717"},{"taxonomy":"product_tag","embeddable":true,"href":"https:\/\/www.alltpaettkort.com\/en\/wp-json\/wp\/v2\/product_tag?post=36717"}],"curies":[{"name":"wp","href":"https:\/\/api.w.org\/{rel}","templated":true}]}}