{"id":36843,"date":"2018-04-13T12:46:43","date_gmt":"2018-04-13T12:46:43","guid":{"rendered":"https:\/\/www.alltpaettkort.com\/produkt\/clank-the-mummys-curse\/"},"modified":"2023-03-15T18:08:05","modified_gmt":"2023-03-15T18:08:05","slug":"clank-the-mummys-curse","status":"publish","type":"product","link":"https:\/\/www.alltpaettkort.com\/en\/product\/clank-the-mummys-curse\/","title":{"rendered":"Clank!: The Mummy&#8217;s Curse"},"content":{"rendered":"<p>Untold riches await you inside the pyramids of the Ancients \u2013 but they are well protected. An undying Mummy guardian spreads a vile curse to those who would rob its tomb. And, inevitably, the treasure has attracted a dragon. Can you escape the fearsome Croxobek?<\/p>\n<p>This is an expansion!<br \/>\nRequires <em>Clank! A Deck-Building Adventure<\/em> to play!<\/p>\n<p>Features:<\/p>\n<p>\u00b7\u00a0\u00a0Explore the mysterious pyramids seeking treasure and artifacts!<\/p>\n<p>\u00b7\u00a0 Will you avoid the Mummy or defeat him to avoid the curse!<\/p>\n<p>\u00b7\u00a0\u00a040 new cards to add to your Dungeon Deck!<\/p>\n<p>\u00b7\u00a0 Expand Clank! A Deck-Building Adventure with a new map and challenges!<\/p>\n<p><strong><a href=\"https:\/\/boardgamegeek.com\/boardgameexpansion\/245377\/clank-mummys-curse\" target=\"_blank\" rel=\"noopener\">L\u00e4s mer p\u00e5 Boardgamegeek<\/a><\/strong><\/p>","protected":false},"excerpt":{"rendered":"<p>Expansion till Clank! som\u00a0denna g\u00e5ng l\u00e5tarna spelarna snurra ner i en mystisk pyramid p\u00e5 jakt efter dyrbarheter!<\/p>","protected":false},"featured_media":36844,"template":"","meta":[],"product_brand":[],"product_cat":[43],"product_tag":[403],"class_list":{"0":"post-36843","1":"product","2":"type-product","3":"status-publish","4":"has-post-thumbnail","6":"product_cat-expansion","7":"product_tag-clank","9":"first","10":"outofstock","11":"taxable","12":"shipping-taxable","13":"purchasable","14":"product-type-simple"},"_links":{"self":[{"href":"https:\/\/www.alltpaettkort.com\/en\/wp-json\/wp\/v2\/product\/36843","targetHints":{"allow":["GET"]}}],"collection":[{"href":"https:\/\/www.alltpaettkort.com\/en\/wp-json\/wp\/v2\/product"}],"about":[{"href":"https:\/\/www.alltpaettkort.com\/en\/wp-json\/wp\/v2\/types\/product"}],"wp:featuredmedia":[{"embeddable":true,"href":"https:\/\/www.alltpaettkort.com\/en\/wp-json\/wp\/v2\/media\/36844"}],"wp:attachment":[{"href":"https:\/\/www.alltpaettkort.com\/en\/wp-json\/wp\/v2\/media?parent=36843"}],"wp:term":[{"taxonomy":"product_brand","embeddable":true,"href":"https:\/\/www.alltpaettkort.com\/en\/wp-json\/wp\/v2\/product_brand?post=36843"},{"taxonomy":"product_cat","embeddable":true,"href":"https:\/\/www.alltpaettkort.com\/en\/wp-json\/wp\/v2\/product_cat?post=36843"},{"taxonomy":"product_tag","embeddable":true,"href":"https:\/\/www.alltpaettkort.com\/en\/wp-json\/wp\/v2\/product_tag?post=36843"}],"curies":[{"name":"wp","href":"https:\/\/api.w.org\/{rel}","templated":true}]}}