{"id":36909,"date":"2019-02-14T14:32:39","date_gmt":"2019-02-14T14:32:39","guid":{"rendered":"https:\/\/www.alltpaettkort.com\/produkt\/dice-throne-season-one\/"},"modified":"2024-01-15T09:59:44","modified_gmt":"2024-01-15T09:59:44","slug":"dice-throne-season-one","status":"publish","type":"product","link":"https:\/\/www.alltpaettkort.com\/en\/product\/dice-throne-season-one\/","title":{"rendered":"Dice Throne: Season One (\u00f6ppnat exemplar)"},"content":{"rendered":"<p><em><strong>Dice Throne<\/strong><\/em> is a game of intriguing dice, tactical card play, powerful heroes, and unique abilities.<\/p>\n<p>It&#8217;s a fast-paced 2-6 player combat game (1v1, 2v2, 3v3, 2v2v2, or free-for-all). Select from a variety of heroes that play and feel completely distinct from one another. Attack opponents and activate abilities by rolling your hero&#8217;s unique set of five dice. Accumulate combat points and spend them on cards that have a large range of effects, such as granting permanent hero upgrades, applying status effects, and manipulating dice directly (yours, your teammate&#8217;s, or even your opponent&#8217;s).<\/p>\n<p><strong>F\u00f6r 2-6 spelare<\/strong><br \/>\n<strong>20-40 min speltid<\/strong><br \/>\n<strong>Rekommenderad \u00e5lder: 8 <\/strong><br \/>\n<strong><a href=\"https:\/\/boardgamegeek.com\/boardgame\/216734\/dice-throne-season-one\" target=\"_blank\" rel=\"noopener\">L\u00e4s mer p\u00e5 Boardgamegeek<\/a><\/strong><\/p>","protected":false},"excerpt":{"rendered":"<p>Ett snabbt, hyllat och \u00f6sigt t\u00e4rningsspel om att duellera med t\u00e4rningar och trixa ihop d\u00f6dliga t\u00e4rningskombinationer! <strong>OBS. Spelet \u00e4r \u00f6ppnat men i \u00f6vrigt ospelat i gott skick!<\/strong><\/p>","protected":false},"featured_media":36910,"template":"","meta":[],"product_brand":[],"product_cat":[16,17,39],"product_tag":[468,400],"class_list":{"0":"post-36909","1":"product","2":"type-product","3":"status-publish","4":"has-post-thumbnail","6":"product_cat-ameritrash","7":"product_cat-strategispel","8":"product_cat-tarningsspel","9":"product_tag-dice-throne","10":"product_tag-roxley-games","12":"first","13":"outofstock","14":"taxable","15":"shipping-taxable","16":"purchasable","17":"product-type-simple"},"_links":{"self":[{"href":"https:\/\/www.alltpaettkort.com\/en\/wp-json\/wp\/v2\/product\/36909","targetHints":{"allow":["GET"]}}],"collection":[{"href":"https:\/\/www.alltpaettkort.com\/en\/wp-json\/wp\/v2\/product"}],"about":[{"href":"https:\/\/www.alltpaettkort.com\/en\/wp-json\/wp\/v2\/types\/product"}],"wp:featuredmedia":[{"embeddable":true,"href":"https:\/\/www.alltpaettkort.com\/en\/wp-json\/wp\/v2\/media\/36910"}],"wp:attachment":[{"href":"https:\/\/www.alltpaettkort.com\/en\/wp-json\/wp\/v2\/media?parent=36909"}],"wp:term":[{"taxonomy":"product_brand","embeddable":true,"href":"https:\/\/www.alltpaettkort.com\/en\/wp-json\/wp\/v2\/product_brand?post=36909"},{"taxonomy":"product_cat","embeddable":true,"href":"https:\/\/www.alltpaettkort.com\/en\/wp-json\/wp\/v2\/product_cat?post=36909"},{"taxonomy":"product_tag","embeddable":true,"href":"https:\/\/www.alltpaettkort.com\/en\/wp-json\/wp\/v2\/product_tag?post=36909"}],"curies":[{"name":"wp","href":"https:\/\/api.w.org\/{rel}","templated":true}]}}