{"id":36939,"date":"2020-01-14T07:16:58","date_gmt":"2020-01-14T07:16:58","guid":{"rendered":"https:\/\/www.alltpaettkort.com\/produkt\/gloomhaven-forgotten-circles\/"},"modified":"2022-01-13T08:36:17","modified_gmt":"2022-01-13T08:36:17","slug":"gloomhaven-forgotten-circles","status":"publish","type":"product","link":"https:\/\/www.alltpaettkort.com\/en\/product\/gloomhaven-forgotten-circles\/","title":{"rendered":"Gloomhaven: Forgotten Circles"},"content":{"rendered":"<p><em><strong>Gloomhaven: Forgotten Circles<\/strong><\/em>, the first expansion for <em>Gloomhaven<\/em>, features twenty new scenarios that take place after the events of the original <em>Gloomhaven<\/em> campaign and involve one new character class \u2014 the Aesther Diviner \u2014 and her attempts to prevent an approaching calamity. The accompanying scenario book breaks these scenarios up across multiple pages to create more dynamic and surprising encounters.<\/p>\n<p>The expansion also features seven new monster types (including three new bosses) and fourteen new items.<br \/>\n<strong><a href=\"https:\/\/boardgamegeek.com\/boardgameexpansion\/250337\/gloomhaven-forgotten-circles\" target=\"_blank\" rel=\"noopener noreferrer\">L\u00e4s mer p\u00e5 Boardgamegeek<\/a><\/strong><\/p>","protected":false},"excerpt":{"rendered":"<p>Expansion till m\u00e4ktiga Gloomhaven som bjuder p\u00e5 en ny karakt\u00e4rsklass och 20 nya scenarios att s\u00e4tta t\u00e4nderna i!<\/p>","protected":false},"featured_media":36940,"template":"","meta":[],"product_brand":[],"product_cat":[43],"product_tag":[325,399],"class_list":{"0":"post-36939","1":"product","2":"type-product","3":"status-publish","4":"has-post-thumbnail","6":"product_cat-expansion","7":"product_tag-cephalofair-games","8":"product_tag-gloomhaven","10":"first","11":"outofstock","12":"taxable","13":"shipping-taxable","14":"purchasable","15":"product-type-simple"},"_links":{"self":[{"href":"https:\/\/www.alltpaettkort.com\/en\/wp-json\/wp\/v2\/product\/36939","targetHints":{"allow":["GET"]}}],"collection":[{"href":"https:\/\/www.alltpaettkort.com\/en\/wp-json\/wp\/v2\/product"}],"about":[{"href":"https:\/\/www.alltpaettkort.com\/en\/wp-json\/wp\/v2\/types\/product"}],"wp:featuredmedia":[{"embeddable":true,"href":"https:\/\/www.alltpaettkort.com\/en\/wp-json\/wp\/v2\/media\/36940"}],"wp:attachment":[{"href":"https:\/\/www.alltpaettkort.com\/en\/wp-json\/wp\/v2\/media?parent=36939"}],"wp:term":[{"taxonomy":"product_brand","embeddable":true,"href":"https:\/\/www.alltpaettkort.com\/en\/wp-json\/wp\/v2\/product_brand?post=36939"},{"taxonomy":"product_cat","embeddable":true,"href":"https:\/\/www.alltpaettkort.com\/en\/wp-json\/wp\/v2\/product_cat?post=36939"},{"taxonomy":"product_tag","embeddable":true,"href":"https:\/\/www.alltpaettkort.com\/en\/wp-json\/wp\/v2\/product_tag?post=36939"}],"curies":[{"name":"wp","href":"https:\/\/api.w.org\/{rel}","templated":true}]}}