{"id":36956,"date":"2018-05-06T09:02:50","date_gmt":"2018-05-06T09:02:50","guid":{"rendered":"https:\/\/www.alltpaettkort.com\/produkt\/feudum-windmills-catapults\/"},"modified":"2025-11-29T20:13:52","modified_gmt":"2025-11-29T20:13:52","slug":"feudum-windmills-catapults","status":"publish","type":"product","link":"https:\/\/www.alltpaettkort.com\/en\/product\/feudum-windmills-catapults\/","title":{"rendered":"Feudum: Windmills &#038; Catapults"},"content":{"rendered":"<p><em>Bull spit and horse feathers! More strange folk have migrated to your neck of the woods, leaving you with little elbow room. To make matters worse, windmills and catapults are popping up like dandelions. That takes the biscuit! You\u2019re not about to lick someone\u2019s boots without a fight.<\/em><\/p>\n<p><em><strong>Feudum: Windmills &amp; Catapults<\/strong><\/em> is a riveting and rambunctious region tile expansion. The game adds new region tiles, royal writs, a wooden windmill, and the ability to play with a 6th, pewter-colored player!<\/p>\n<p>The expansion includes:<\/p>\n<p>3 wooden pawns for a 6th player<br \/>\n4 player discs\/reeves for a 6th player<br \/>\n20 influence markers for a 6th player<br \/>\n11 action cards for a 6th player<br \/>\n8 region\/landscape tiles depicting the windmill and the catapult<br \/>\n2 royal writ cards<br \/>\n1 working windmill<br \/>\n1 rulebook<\/p>\n<p><strong><a href=\"https:\/\/boardgamegeek.com\/boardgameexpansion\/213306\/feudum-windmills-catapults\" target=\"_blank\" rel=\"noopener\">L\u00e4s mer p\u00e5 Boardgamegeek<\/a><\/strong><\/p>","protected":false},"excerpt":{"rendered":"<p>Expansion till h\u00e4rliga Feudum som introducerar nya regioner med katapulter och v\u00e4derkvarnar, samt st\u00f6d f\u00f6r 6 spelare!<\/p>","protected":false},"featured_media":36957,"template":"","meta":[],"product_brand":[],"product_cat":[43,112],"product_tag":[469,470],"class_list":{"0":"post-36956","1":"product","2":"type-product","3":"status-publish","4":"has-post-thumbnail","6":"product_cat-expansion","7":"product_cat-rea","8":"product_tag-feudum","9":"product_tag-odd-bird-games","11":"first","12":"instock","13":"sale","14":"taxable","15":"shipping-taxable","16":"purchasable","17":"product-type-simple"},"_links":{"self":[{"href":"https:\/\/www.alltpaettkort.com\/en\/wp-json\/wp\/v2\/product\/36956","targetHints":{"allow":["GET"]}}],"collection":[{"href":"https:\/\/www.alltpaettkort.com\/en\/wp-json\/wp\/v2\/product"}],"about":[{"href":"https:\/\/www.alltpaettkort.com\/en\/wp-json\/wp\/v2\/types\/product"}],"wp:featuredmedia":[{"embeddable":true,"href":"https:\/\/www.alltpaettkort.com\/en\/wp-json\/wp\/v2\/media\/36957"}],"wp:attachment":[{"href":"https:\/\/www.alltpaettkort.com\/en\/wp-json\/wp\/v2\/media?parent=36956"}],"wp:term":[{"taxonomy":"product_brand","embeddable":true,"href":"https:\/\/www.alltpaettkort.com\/en\/wp-json\/wp\/v2\/product_brand?post=36956"},{"taxonomy":"product_cat","embeddable":true,"href":"https:\/\/www.alltpaettkort.com\/en\/wp-json\/wp\/v2\/product_cat?post=36956"},{"taxonomy":"product_tag","embeddable":true,"href":"https:\/\/www.alltpaettkort.com\/en\/wp-json\/wp\/v2\/product_tag?post=36956"}],"curies":[{"name":"wp","href":"https:\/\/api.w.org\/{rel}","templated":true}]}}