{"id":36968,"date":"2018-10-07T19:00:26","date_gmt":"2018-10-07T19:00:26","guid":{"rendered":"https:\/\/www.alltpaettkort.com\/produkt\/my-little-scythe\/"},"modified":"2022-01-13T08:36:21","modified_gmt":"2022-01-13T08:36:21","slug":"my-little-scythe","status":"publish","type":"product","link":"https:\/\/www.alltpaettkort.com\/en\/product\/my-little-scythe\/","title":{"rendered":"My Little Scythe"},"content":{"rendered":"<p><em><strong>My Little Scythe<\/strong><\/em> is a competitive, family-friendly game in which each player controls 2 animal miniatures embarking upon an adventure in the Kingdom of Pomme.<\/p>\n<p>In an effort to be the first to earn 4 trophies from 8 possible categories, players take turns choosing to Move, Seek, or Make. These actions will allow players to increase their friendship and pies, power up their actions, complete quests, learn magic spells, deliver gems and apples to Castle Everfree, and perhaps even engage in a pie fight.<\/p>\n<p>Some of <em>My Little Scythe<\/em>\u2019s mechanisms are inspired by the bestselling game, <em>Scythe<\/em>. It caught the eye of Stonemaier Games as a fan-created print-and-play game in 2017 (it went on to win the BoardGameGeek 2017 award for best print-and-play game).<\/p>\n<p><strong>F\u00f6r 1-6 spelare<\/strong><br \/>\n<strong>45\u00a0min speltid<\/strong><br \/>\n<strong>Rekommenderad \u00e5lder: 8 <\/strong><br \/>\n<strong><a href=\"https:\/\/boardgamegeek.com\/boardgame\/226320\/my-little-scythe\" target=\"_blank\" rel=\"noopener noreferrer\">L\u00e4s mer p\u00e5 Boardgamegeek<\/a><\/strong><\/p>","protected":false},"excerpt":{"rendered":"<p>Dra mig bakl\u00e4nges, det bed\u00e5rande My Little Scythe har faktiskt g\u00e5tt och blivit verklighet! Spelet som ursprungligen var ett passionerat hobbyprojekt f\u00f6r att spela ett barnv\u00e4nligt Scythe, har nu tagits under Stonemaier Games vingar och utvecklats till\u00a0ett unikt och eget\u00a0spel\u00a0baserat p\u00e5 v\u00e4nskap och magi! (med en och annan pajkastning..)<\/p>","protected":false},"featured_media":36969,"template":"","meta":[],"product_brand":[],"product_cat":[69,31],"product_tag":[263],"class_list":{"0":"post-36968","1":"product","2":"type-product","3":"status-publish","4":"has-post-thumbnail","6":"product_cat-barnspel","7":"product_cat-familjespel","8":"product_tag-stonemaier-games","10":"first","11":"outofstock","12":"taxable","13":"shipping-taxable","14":"purchasable","15":"product-type-simple"},"_links":{"self":[{"href":"https:\/\/www.alltpaettkort.com\/en\/wp-json\/wp\/v2\/product\/36968","targetHints":{"allow":["GET"]}}],"collection":[{"href":"https:\/\/www.alltpaettkort.com\/en\/wp-json\/wp\/v2\/product"}],"about":[{"href":"https:\/\/www.alltpaettkort.com\/en\/wp-json\/wp\/v2\/types\/product"}],"wp:featuredmedia":[{"embeddable":true,"href":"https:\/\/www.alltpaettkort.com\/en\/wp-json\/wp\/v2\/media\/36969"}],"wp:attachment":[{"href":"https:\/\/www.alltpaettkort.com\/en\/wp-json\/wp\/v2\/media?parent=36968"}],"wp:term":[{"taxonomy":"product_brand","embeddable":true,"href":"https:\/\/www.alltpaettkort.com\/en\/wp-json\/wp\/v2\/product_brand?post=36968"},{"taxonomy":"product_cat","embeddable":true,"href":"https:\/\/www.alltpaettkort.com\/en\/wp-json\/wp\/v2\/product_cat?post=36968"},{"taxonomy":"product_tag","embeddable":true,"href":"https:\/\/www.alltpaettkort.com\/en\/wp-json\/wp\/v2\/product_tag?post=36968"}],"curies":[{"name":"wp","href":"https:\/\/api.w.org\/{rel}","templated":true}]}}