{"id":36977,"date":"2018-04-08T17:39:55","date_gmt":"2018-04-08T17:39:55","guid":{"rendered":"https:\/\/www.alltpaettkort.com\/produkt\/king-of-tokyo-2nd-edition\/"},"modified":"2022-01-13T08:36:21","modified_gmt":"2022-01-13T08:36:21","slug":"king-of-tokyo-2nd-edition","status":"publish","type":"product","link":"https:\/\/www.alltpaettkort.com\/en\/product\/king-of-tokyo-2nd-edition\/","title":{"rendered":"King of Tokyo: 2nd Edition"},"content":{"rendered":"<p>On the 5th anniversary of the release of the best-seller by Richard Garfield, King of Tokyo gets a facelift with a new version, entirely redone by a group of artists* lead by R\u00e9gis Torres, who previously illustrated the Halloween expansion pack and King of New York.<\/p>\n<p>In addition to these exclusive illustrations, this new version will have a new rulebook that was reworked to be clearer, as well as two new monsters: the ever-so-popular Space Penguin (the original version, highly sought-after by players, was only available through tournaments) and Cyber Kitty.<\/p>\n<p>Play mutant monsters, gigantic robots and other monstrous creatures, rampaging the city and vying for position as the one and only King of Tokyo!<\/p>\n<p>Combine your dice to gather energy, heal your monster or just slap the other monsters down! Spend your energy to trigger permanent or one-shot special powers: a second head, body armor, nova death ray&#8230;<\/p>\n<p>Stop at nothing to become the King of Tokyo&#8230; but that&#8217;s when the real trouble begins for you!<\/p>\n<p><strong>F\u00f6r 2-6 spelare<\/strong><br \/>\n<strong>30 min speltid<\/strong><br \/>\n<strong>Rekommenderad \u00e5lder: 8 <\/strong><strong><a href=\"http:\/\/files.boardgamegeek.com\/file\/download\/6g4tvd816s\/KingofTokyo-ReglesUS-light.pdf?\" target=\"_blank\" rel=\"noopener\"><br \/>\n<\/a><a href=\"http:\/\/boardgamegeek.com\/boardgame\/70323\/king-of-tokyo\" target=\"_blank\" rel=\"noopener\">L\u00e4s mer p\u00e5 Boardgamegeek<\/a><\/strong><\/p>","protected":false},"excerpt":{"rendered":"<p>Monster k\u00e4mpar f\u00f6r dominansen \u00f6ver ett brinnande Tokyo i Magic the Gathering-skaparen Richard Garfields underbara King of Tokyo. Otroligt enkelt och snabbspelat med 2 ton destruktivt monsterskoj med glimten i \u00f6gat!<\/p>","protected":false},"featured_media":36978,"template":"","meta":[],"product_brand":[],"product_cat":[31,38,39],"product_tag":[41],"class_list":{"0":"post-36977","1":"product","2":"type-product","3":"status-publish","4":"has-post-thumbnail","6":"product_cat-familjespel","7":"product_cat-partyspel","8":"product_cat-tarningsspel","9":"product_tag-king-of-tokyo","11":"first","12":"outofstock","13":"taxable","14":"shipping-taxable","15":"purchasable","16":"product-type-simple"},"_links":{"self":[{"href":"https:\/\/www.alltpaettkort.com\/en\/wp-json\/wp\/v2\/product\/36977","targetHints":{"allow":["GET"]}}],"collection":[{"href":"https:\/\/www.alltpaettkort.com\/en\/wp-json\/wp\/v2\/product"}],"about":[{"href":"https:\/\/www.alltpaettkort.com\/en\/wp-json\/wp\/v2\/types\/product"}],"wp:featuredmedia":[{"embeddable":true,"href":"https:\/\/www.alltpaettkort.com\/en\/wp-json\/wp\/v2\/media\/36978"}],"wp:attachment":[{"href":"https:\/\/www.alltpaettkort.com\/en\/wp-json\/wp\/v2\/media?parent=36977"}],"wp:term":[{"taxonomy":"product_brand","embeddable":true,"href":"https:\/\/www.alltpaettkort.com\/en\/wp-json\/wp\/v2\/product_brand?post=36977"},{"taxonomy":"product_cat","embeddable":true,"href":"https:\/\/www.alltpaettkort.com\/en\/wp-json\/wp\/v2\/product_cat?post=36977"},{"taxonomy":"product_tag","embeddable":true,"href":"https:\/\/www.alltpaettkort.com\/en\/wp-json\/wp\/v2\/product_tag?post=36977"}],"curies":[{"name":"wp","href":"https:\/\/api.w.org\/{rel}","templated":true}]}}