{"id":37095,"date":"2018-05-28T15:12:35","date_gmt":"2018-05-28T15:12:35","guid":{"rendered":"https:\/\/www.alltpaettkort.com\/produkt\/sticky-chameleons\/"},"modified":"2022-01-13T08:36:27","modified_gmt":"2022-01-13T08:36:27","slug":"sticky-chameleons","status":"publish","type":"product","link":"https:\/\/www.alltpaettkort.com\/en\/product\/sticky-chameleons\/","title":{"rendered":"Sticky Chameleons"},"content":{"rendered":"<p>Playing with sticky tongues has never been more fun than what you&#8217;ll find in Sticky Chameleons!<\/p>\n<p>Each player has a long sticky &#8221;tongue&#8221;, and the table is covered with six types of insect tiles in six colors, along with a few fly tokens. To start a round, someone rolls the two dice \u2014 one showing a color, the other an insect \u2014 then everyone rushes to &#8221;grab&#8221; the appropriately colored insect tile by slapping it with their tongue. Tiles will go flying! The round doesn&#8217;t end until someone removes the tile from their tongue and holds the tile in their hand. This player scores a point, then you do it all again. Whoever scores the predetermined number of points first wins!<\/p>\n<p><strong>F\u00f6r 2-5 spelare<\/strong><br \/>\n<strong>20 min speltid<\/strong><br \/>\n<strong>Rekommenderad \u00e5lder: 6 <\/strong><br \/>\n<strong><a href=\"https:\/\/boardgamegeek.com\/boardgame\/220778\/sticky-chameleons\" target=\"_blank\" rel=\"noopener\">L\u00e4s mer p\u00e5 Boardgamegeek<\/a><\/strong><\/p>","protected":false},"excerpt":{"rendered":"<p>H\u00e4rligt tokigt spel om att samtidigt f\u00f6rs\u00f6ka mumsa i sig diverse f\u00e4rgglada insekter, komplett med kladdiga kameleonttungor!<\/p>","protected":false},"featured_media":37096,"template":"","meta":[],"product_brand":[],"product_cat":[69,31,38],"product_tag":[40],"class_list":{"0":"post-37095","1":"product","2":"type-product","3":"status-publish","4":"has-post-thumbnail","6":"product_cat-barnspel","7":"product_cat-familjespel","8":"product_cat-partyspel","9":"product_tag-iello","11":"first","12":"outofstock","13":"taxable","14":"shipping-taxable","15":"purchasable","16":"product-type-simple"},"_links":{"self":[{"href":"https:\/\/www.alltpaettkort.com\/en\/wp-json\/wp\/v2\/product\/37095","targetHints":{"allow":["GET"]}}],"collection":[{"href":"https:\/\/www.alltpaettkort.com\/en\/wp-json\/wp\/v2\/product"}],"about":[{"href":"https:\/\/www.alltpaettkort.com\/en\/wp-json\/wp\/v2\/types\/product"}],"wp:featuredmedia":[{"embeddable":true,"href":"https:\/\/www.alltpaettkort.com\/en\/wp-json\/wp\/v2\/media\/37096"}],"wp:attachment":[{"href":"https:\/\/www.alltpaettkort.com\/en\/wp-json\/wp\/v2\/media?parent=37095"}],"wp:term":[{"taxonomy":"product_brand","embeddable":true,"href":"https:\/\/www.alltpaettkort.com\/en\/wp-json\/wp\/v2\/product_brand?post=37095"},{"taxonomy":"product_cat","embeddable":true,"href":"https:\/\/www.alltpaettkort.com\/en\/wp-json\/wp\/v2\/product_cat?post=37095"},{"taxonomy":"product_tag","embeddable":true,"href":"https:\/\/www.alltpaettkort.com\/en\/wp-json\/wp\/v2\/product_tag?post=37095"}],"curies":[{"name":"wp","href":"https:\/\/api.w.org\/{rel}","templated":true}]}}