{"id":37119,"date":"2022-03-28T18:47:37","date_gmt":"2022-03-28T18:47:37","guid":{"rendered":"https:\/\/www.alltpaettkort.com\/produkt\/decrypto\/"},"modified":"2023-05-03T21:11:08","modified_gmt":"2023-05-03T21:11:08","slug":"decrypto","status":"publish","type":"product","link":"https:\/\/www.alltpaettkort.com\/en\/product\/decrypto\/","title":{"rendered":"Decrypto"},"content":{"rendered":"<p>Communicate safely!<\/p>\n<p>Join the greatest Encryptor team in the world!<br \/>\nYour mission: transmit secret codes to your teammates without letting the opposing team intercept.<\/p>\n<p>Decrypto is a &#8221;scramble communication&#8221; game: you must give clues to your teammates that are precise enough,\u00a0so they can understand you, but vague enough, to make sure your opponents don&#8217;t get the message&#8230;<\/p>\n<p><strong>F\u00f6r 2-4 spelare<\/strong><br \/>\n<strong>90 min speltid<\/strong><br \/>\n<strong>Rekommenderad \u00e5lder: 12 <\/strong><br \/>\n<strong>L\u00e4s mer p\u00e5 Boardgamegeek<\/strong><\/p>","protected":false},"excerpt":{"rendered":"<p>Superfint klurigt spel om att ge ledtr\u00e5dar till sina lagkamrater\u00a0utan att avsl\u00f6ja f\u00f6r mycket f\u00f6r motst\u00e5ndarna!<\/p>","protected":false},"featured_media":37120,"template":"","meta":[],"product_brand":[],"product_cat":[38,30],"product_tag":[512,474],"class_list":{"0":"post-37119","1":"product","2":"type-product","3":"status-publish","4":"has-post-thumbnail","6":"product_cat-partyspel","7":"product_cat-sallskapsspel","8":"product_tag-festspeltips","9":"product_tag-le-scorpion-masque","11":"first","12":"outofstock","13":"taxable","14":"shipping-taxable","15":"purchasable","16":"product-type-simple"},"_links":{"self":[{"href":"https:\/\/www.alltpaettkort.com\/en\/wp-json\/wp\/v2\/product\/37119","targetHints":{"allow":["GET"]}}],"collection":[{"href":"https:\/\/www.alltpaettkort.com\/en\/wp-json\/wp\/v2\/product"}],"about":[{"href":"https:\/\/www.alltpaettkort.com\/en\/wp-json\/wp\/v2\/types\/product"}],"wp:featuredmedia":[{"embeddable":true,"href":"https:\/\/www.alltpaettkort.com\/en\/wp-json\/wp\/v2\/media\/37120"}],"wp:attachment":[{"href":"https:\/\/www.alltpaettkort.com\/en\/wp-json\/wp\/v2\/media?parent=37119"}],"wp:term":[{"taxonomy":"product_brand","embeddable":true,"href":"https:\/\/www.alltpaettkort.com\/en\/wp-json\/wp\/v2\/product_brand?post=37119"},{"taxonomy":"product_cat","embeddable":true,"href":"https:\/\/www.alltpaettkort.com\/en\/wp-json\/wp\/v2\/product_cat?post=37119"},{"taxonomy":"product_tag","embeddable":true,"href":"https:\/\/www.alltpaettkort.com\/en\/wp-json\/wp\/v2\/product_tag?post=37119"}],"curies":[{"name":"wp","href":"https:\/\/api.w.org\/{rel}","templated":true}]}}