{"id":37315,"date":"2018-06-28T06:17:12","date_gmt":"2018-06-28T06:17:12","guid":{"rendered":"https:\/\/www.alltpaettkort.com\/produkt\/harry-potter-hogwarts-battle-the-monster-box-of-monsters-expansion\/"},"modified":"2022-01-13T08:36:35","modified_gmt":"2022-01-13T08:36:35","slug":"harry-potter-hogwarts-battle-the-monster-box-of-monsters-expansion","status":"publish","type":"product","link":"https:\/\/www.alltpaettkort.com\/en\/product\/harry-potter-hogwarts-battle-the-monster-box-of-monsters-expansion\/","title":{"rendered":"Harry Potter: Hogwarts Battle \u2013 The Monster Box of Monsters Expansion"},"content":{"rendered":"<p>Venture into the Forbidden Forest with The Monster Box of Monsters, the highly anticipated expansion to <em>Harry Potter: Hogwarts Battle<\/em> Play as Harry, Hermione, Ron, Neville or Luna Lovegood as you face frightening creatures and challenging encounters. Beware of any wrongdoing that might earn you detention! Only working together to defeat the evil forces and protecting iconic locations will make the Wizarding World safe once and for all!<\/p>\n<p><strong><a href=\"https:\/\/boardgamegeek.com\/boardgameexpansion\/223494\/harry-potter-hogwarts-battle-monster-box-monsters\" target=\"_blank\" rel=\"noopener\">L\u00e4s mer p\u00e5 Boardgamegeek<\/a><\/strong><\/p>\n<p>&nbsp;<\/p>","protected":false},"excerpt":{"rendered":"<p>Expansion till mysiga Harry Potter: Hogwarts Battle som l\u00e5ter spelarna knalla in i den f\u00f6rbjudna skogen f\u00f6r att ta itu med\u00a0ondskan!<\/p>","protected":false},"featured_media":37316,"template":"","meta":[],"product_brand":[],"product_cat":[43],"product_tag":[475,476],"class_list":{"0":"post-37315","1":"product","2":"type-product","3":"status-publish","4":"has-post-thumbnail","6":"product_cat-expansion","7":"product_tag-harry-potter-hogwarts-battle","8":"product_tag-usaopoly","10":"first","11":"outofstock","12":"taxable","13":"shipping-taxable","14":"purchasable","15":"product-type-simple"},"_links":{"self":[{"href":"https:\/\/www.alltpaettkort.com\/en\/wp-json\/wp\/v2\/product\/37315","targetHints":{"allow":["GET"]}}],"collection":[{"href":"https:\/\/www.alltpaettkort.com\/en\/wp-json\/wp\/v2\/product"}],"about":[{"href":"https:\/\/www.alltpaettkort.com\/en\/wp-json\/wp\/v2\/types\/product"}],"wp:featuredmedia":[{"embeddable":true,"href":"https:\/\/www.alltpaettkort.com\/en\/wp-json\/wp\/v2\/media\/37316"}],"wp:attachment":[{"href":"https:\/\/www.alltpaettkort.com\/en\/wp-json\/wp\/v2\/media?parent=37315"}],"wp:term":[{"taxonomy":"product_brand","embeddable":true,"href":"https:\/\/www.alltpaettkort.com\/en\/wp-json\/wp\/v2\/product_brand?post=37315"},{"taxonomy":"product_cat","embeddable":true,"href":"https:\/\/www.alltpaettkort.com\/en\/wp-json\/wp\/v2\/product_cat?post=37315"},{"taxonomy":"product_tag","embeddable":true,"href":"https:\/\/www.alltpaettkort.com\/en\/wp-json\/wp\/v2\/product_tag?post=37315"}],"curies":[{"name":"wp","href":"https:\/\/api.w.org\/{rel}","templated":true}]}}