{"id":37335,"date":"2018-07-05T14:55:42","date_gmt":"2018-07-05T14:55:42","guid":{"rendered":"https:\/\/www.alltpaettkort.com\/produkt\/exit-the-game-dead-man-on-the-orient-express\/"},"modified":"2022-01-13T08:36:36","modified_gmt":"2022-01-13T08:36:36","slug":"exit-the-game-dead-man-on-the-orient-express","status":"publish","type":"product","link":"https:\/\/www.alltpaettkort.com\/en\/product\/exit-the-game-dead-man-on-the-orient-express\/","title":{"rendered":"Exit: The Game \u2013 Dead Man on the Orient Express"},"content":{"rendered":"<p><em><strong>Exit: The Game \u2013 Dead Man on the Orient Express<\/strong><\/em> is a puzzle game modeled after escape rooms.<\/p>\n<p>Starting with season 3, the <em>Exit<\/em> series is divided into difficulty levels. &#8221;Dead Man on the Orient Express&#8221; is categorized at hard level.<\/p>\n<p><strong>F\u00f6r 1-6 spelare<br \/>\n<\/strong><strong>45-90 min speltid<br \/>\n<\/strong><strong>Rekommenderad \u00e5lder: 12<br \/>\n<\/strong><strong><a href=\"https:\/\/boardgamegeek.com\/boardgame\/226522\/exit-game-dead-man-orient-express\" target=\"_blank\" rel=\"noopener\">L\u00e4s mer p\u00e5 Boardgamegeek<\/a><\/strong><\/p>","protected":false},"excerpt":{"rendered":"<p>F\u00e5nga m\u00f6rdaren innan t\u00e5get n\u00e5tt sin destination i denna sp\u00e4nnande del av\u00a0Exit-serien som har gjort stor succ\u00e9 med sina kniviga \u00e4ventyr fyllda med \u00f6verraskningar, pussel och utmaningar!<\/p>","protected":false},"featured_media":37336,"template":"","meta":[],"product_brand":[],"product_cat":[34,30],"product_tag":[436,387],"class_list":{"0":"post-37335","1":"product","2":"type-product","3":"status-publish","4":"has-post-thumbnail","6":"product_cat-aventyrsspel","7":"product_cat-sallskapsspel","8":"product_tag-exit-the-game","9":"product_tag-kosmos","11":"first","12":"outofstock","13":"taxable","14":"shipping-taxable","15":"purchasable","16":"product-type-simple"},"_links":{"self":[{"href":"https:\/\/www.alltpaettkort.com\/en\/wp-json\/wp\/v2\/product\/37335","targetHints":{"allow":["GET"]}}],"collection":[{"href":"https:\/\/www.alltpaettkort.com\/en\/wp-json\/wp\/v2\/product"}],"about":[{"href":"https:\/\/www.alltpaettkort.com\/en\/wp-json\/wp\/v2\/types\/product"}],"wp:featuredmedia":[{"embeddable":true,"href":"https:\/\/www.alltpaettkort.com\/en\/wp-json\/wp\/v2\/media\/37336"}],"wp:attachment":[{"href":"https:\/\/www.alltpaettkort.com\/en\/wp-json\/wp\/v2\/media?parent=37335"}],"wp:term":[{"taxonomy":"product_brand","embeddable":true,"href":"https:\/\/www.alltpaettkort.com\/en\/wp-json\/wp\/v2\/product_brand?post=37335"},{"taxonomy":"product_cat","embeddable":true,"href":"https:\/\/www.alltpaettkort.com\/en\/wp-json\/wp\/v2\/product_cat?post=37335"},{"taxonomy":"product_tag","embeddable":true,"href":"https:\/\/www.alltpaettkort.com\/en\/wp-json\/wp\/v2\/product_tag?post=37335"}],"curies":[{"name":"wp","href":"https:\/\/api.w.org\/{rel}","templated":true}]}}