{"id":37337,"date":"2018-07-04T15:02:13","date_gmt":"2018-07-04T15:02:13","guid":{"rendered":"https:\/\/www.alltpaettkort.com\/produkt\/exit-the-game-odestugan\/"},"modified":"2022-01-13T08:36:37","modified_gmt":"2022-01-13T08:36:37","slug":"exit-the-game-odestugan","status":"publish","type":"product","link":"https:\/\/www.alltpaettkort.com\/en\/product\/exit-the-game-odestugan\/","title":{"rendered":"Exit: The Game \u2013 \u00d6destugan"},"content":{"rendered":"<p>Everyone meant to use the cabin only as a shelter for the night, but come the morning the door has been secured by a combination lock, with no one knowing the combination of numbers that will let them leave. The windows are barred as well. An enigmatic spinning code dial and a mysterious book is all that you have to go on. Can you escape from this abandoned cottage?<\/p>\n<p>In <em><strong>Exit: The Game \u2013 The Abandoned Cabin<\/strong><\/em>, players must use their team spirit, creativity, and powers of deduction to crack codes, solve puzzles, collect objects, and earn their freedom bit by bit.<\/p>\n<p><strong>F\u00f6r 1-6 spelare<\/strong><br \/>\n<strong>45-90 min speltid<\/strong><br \/>\n<strong>Rekommenderad \u00e5lder: 12 <\/strong><br \/>\n<strong><a href=\"https:\/\/boardgamegeek.com\/boardgame\/203420\/exit-game-abandoned-cabin\" target=\"_blank\" rel=\"noopener noreferrer\">L\u00e4s mer p\u00e5 Boardgamegeek<\/a><\/strong><\/p>","protected":false},"excerpt":{"rendered":"<p>Den rafflande Exit-serien har gjort stor succ\u00e9 med sina kniviga \u00e4ventyr fyllda med \u00f6verraskningar, pussel och utmaningar! I detta scenario ska ni f\u00f6rs\u00f6ka ta er ut fr\u00e5n en minst sagt kuslig\u00a0stuga! <strong>Svensk utg\u00e5va<\/strong><\/p>","protected":false},"featured_media":37338,"template":"","meta":[],"product_brand":[],"product_cat":[34,30],"product_tag":[436,97],"class_list":{"0":"post-37337","1":"product","2":"type-product","3":"status-publish","4":"has-post-thumbnail","6":"product_cat-aventyrsspel","7":"product_cat-sallskapsspel","8":"product_tag-exit-the-game","9":"product_tag-lautapelit","11":"first","12":"outofstock","13":"taxable","14":"shipping-taxable","15":"purchasable","16":"product-type-simple"},"_links":{"self":[{"href":"https:\/\/www.alltpaettkort.com\/en\/wp-json\/wp\/v2\/product\/37337","targetHints":{"allow":["GET"]}}],"collection":[{"href":"https:\/\/www.alltpaettkort.com\/en\/wp-json\/wp\/v2\/product"}],"about":[{"href":"https:\/\/www.alltpaettkort.com\/en\/wp-json\/wp\/v2\/types\/product"}],"wp:featuredmedia":[{"embeddable":true,"href":"https:\/\/www.alltpaettkort.com\/en\/wp-json\/wp\/v2\/media\/37338"}],"wp:attachment":[{"href":"https:\/\/www.alltpaettkort.com\/en\/wp-json\/wp\/v2\/media?parent=37337"}],"wp:term":[{"taxonomy":"product_brand","embeddable":true,"href":"https:\/\/www.alltpaettkort.com\/en\/wp-json\/wp\/v2\/product_brand?post=37337"},{"taxonomy":"product_cat","embeddable":true,"href":"https:\/\/www.alltpaettkort.com\/en\/wp-json\/wp\/v2\/product_cat?post=37337"},{"taxonomy":"product_tag","embeddable":true,"href":"https:\/\/www.alltpaettkort.com\/en\/wp-json\/wp\/v2\/product_tag?post=37337"}],"curies":[{"name":"wp","href":"https:\/\/api.w.org\/{rel}","templated":true}]}}