{"id":3735,"date":"2013-04-21T12:22:45","date_gmt":"2013-04-21T12:22:45","guid":{"rendered":"https:\/\/www.alltpaettkort.com\/produkt\/sentinels-of-the-multiverse-oversized-villain-card-pack\/"},"modified":"2022-01-12T18:53:41","modified_gmt":"2022-01-12T18:53:41","slug":"sentinels-of-the-multiverse-oversized-villain-card-pack","status":"publish","type":"product","link":"https:\/\/www.alltpaettkort.com\/en\/product\/sentinels-of-the-multiverse-oversized-villain-card-pack\/","title":{"rendered":"Sentinels of the Multiverse: Oversized Villain Cards"},"content":{"rendered":"<p>These 21 4&#8243; by 6&#8243; cards represent the villains from the core game, the Rook City, Infernal Relics, and Shattered Timelines expansions, and even the Ambuscade, Mad Bomber Blade, Cosmic Omnitron, and Miss Information promos!<\/p>","protected":false},"excerpt":{"rendered":"<p>L\u00e4ckra och framf\u00f6rallt helt gigantiska skurkkort till Sentienels of the Multiverse som inneh\u00e5ller alla bovar som hittills sl\u00e4ppts till spelet!<\/p>","protected":false},"featured_media":3736,"template":"","meta":[],"product_brand":[],"product_cat":[43],"product_tag":[165,166],"class_list":{"0":"post-3735","1":"product","2":"type-product","3":"status-publish","4":"has-post-thumbnail","6":"product_cat-expansion","7":"product_tag-greater-than-games","8":"product_tag-sentinels-of-the-multiverse","10":"first","11":"instock","12":"taxable","13":"shipping-taxable","14":"purchasable","15":"product-type-simple"},"_links":{"self":[{"href":"https:\/\/www.alltpaettkort.com\/en\/wp-json\/wp\/v2\/product\/3735","targetHints":{"allow":["GET"]}}],"collection":[{"href":"https:\/\/www.alltpaettkort.com\/en\/wp-json\/wp\/v2\/product"}],"about":[{"href":"https:\/\/www.alltpaettkort.com\/en\/wp-json\/wp\/v2\/types\/product"}],"wp:featuredmedia":[{"embeddable":true,"href":"https:\/\/www.alltpaettkort.com\/en\/wp-json\/wp\/v2\/media\/3736"}],"wp:attachment":[{"href":"https:\/\/www.alltpaettkort.com\/en\/wp-json\/wp\/v2\/media?parent=3735"}],"wp:term":[{"taxonomy":"product_brand","embeddable":true,"href":"https:\/\/www.alltpaettkort.com\/en\/wp-json\/wp\/v2\/product_brand?post=3735"},{"taxonomy":"product_cat","embeddable":true,"href":"https:\/\/www.alltpaettkort.com\/en\/wp-json\/wp\/v2\/product_cat?post=3735"},{"taxonomy":"product_tag","embeddable":true,"href":"https:\/\/www.alltpaettkort.com\/en\/wp-json\/wp\/v2\/product_tag?post=3735"}],"curies":[{"name":"wp","href":"https:\/\/api.w.org\/{rel}","templated":true}]}}