{"id":37355,"date":"2018-06-12T12:43:24","date_gmt":"2018-06-12T12:43:24","guid":{"rendered":"https:\/\/www.alltpaettkort.com\/produkt\/runebound-3rd-edition-unbreakable-bonds\/"},"modified":"2022-01-13T08:36:38","modified_gmt":"2022-01-13T08:36:38","slug":"runebound-3rd-edition-unbreakable-bonds","status":"publish","type":"product","link":"https:\/\/www.alltpaettkort.com\/en\/product\/runebound-3rd-edition-unbreakable-bonds\/","title":{"rendered":"Runebound (3rd edition): Unbreakable Bonds"},"content":{"rendered":"<p>You\u2019ve spent your life tramping across the fields of Terrinoth, facing danger time and again, testing your skills in battle against terrifying monsters, and living a life of unchecked adventure. You never know what you may discover beyond the horizon\u2014a towering range of mountains, the lair of an evil beast, or the sun reflecting from the walls of one of the Free Cities. Yet throughout your travels, there\u2019s always been a feeling of competition with other adventurers, driving you to fight harder and move faster than another so-called \u201chero.\u201d Just maybe you\u2019d prefer to work and fight together, once in a while?<\/p>\n<p><em><strong>Unbreakable Bonds<\/strong><\/em> is a new expansion for <em>Runebound<\/em>, and gives you the option to dramatically reshape the nature of the game. Rather than competing against up to three opponents, <em>Unbreakable Bonds<\/em> invites you to journey through the fantasy realm of Terrinoth as part of a group, or even to strike out on your own in a solo game! With a robust combat system to control the monsters, two new heroes, five cooperative \/ solo scenarios, and a wealth of new asset and skill cards for any game, Unbreakable Bonds pushes the borders of Terrinoth further than ever and leads you beyond the edge of the map.<strong><a href=\"http:\/\/en.libellud.com\/index.php?option=com_zoo&amp;task=callelement&amp;format=raw&amp;item_id=1522&amp;element=66b58ffc-c789-4cef-b9f1-2cb5226ebace&amp;method=download&amp;args[0]=f6c56007aa39a87d1ac428e4ed3fdc91&amp;Itemid=57\" target=\"_blank\" rel=\"noopener\"><br \/>\n<\/a><a href=\"https:\/\/boardgamegeek.com\/boardgameexpansion\/225275\/runebound-third-edition-unbreakable-bonds\" target=\"_blank\" rel=\"noopener\">L\u00e4s mer p\u00e5 Boardgamegeek<\/a><\/strong><\/p>\n","protected":false},"excerpt":{"rendered":"<p>Expansion som r\u00f6r om i grytan rej\u00e4lt med ett nytt kanonbra samarbetsl\u00e4ge!<\/p>","protected":false},"featured_media":37356,"template":"","meta":[],"product_brand":[],"product_cat":[43],"product_tag":[18,348],"class_list":{"0":"post-37355","1":"product","2":"type-product","3":"status-publish","4":"has-post-thumbnail","6":"product_cat-expansion","7":"product_tag-fantasy-flight-games","8":"product_tag-runebound","10":"first","11":"outofstock","12":"taxable","13":"shipping-taxable","14":"purchasable","15":"product-type-simple"},"_links":{"self":[{"href":"https:\/\/www.alltpaettkort.com\/en\/wp-json\/wp\/v2\/product\/37355","targetHints":{"allow":["GET"]}}],"collection":[{"href":"https:\/\/www.alltpaettkort.com\/en\/wp-json\/wp\/v2\/product"}],"about":[{"href":"https:\/\/www.alltpaettkort.com\/en\/wp-json\/wp\/v2\/types\/product"}],"wp:featuredmedia":[{"embeddable":true,"href":"https:\/\/www.alltpaettkort.com\/en\/wp-json\/wp\/v2\/media\/37356"}],"wp:attachment":[{"href":"https:\/\/www.alltpaettkort.com\/en\/wp-json\/wp\/v2\/media?parent=37355"}],"wp:term":[{"taxonomy":"product_brand","embeddable":true,"href":"https:\/\/www.alltpaettkort.com\/en\/wp-json\/wp\/v2\/product_brand?post=37355"},{"taxonomy":"product_cat","embeddable":true,"href":"https:\/\/www.alltpaettkort.com\/en\/wp-json\/wp\/v2\/product_cat?post=37355"},{"taxonomy":"product_tag","embeddable":true,"href":"https:\/\/www.alltpaettkort.com\/en\/wp-json\/wp\/v2\/product_tag?post=37355"}],"curies":[{"name":"wp","href":"https:\/\/api.w.org\/{rel}","templated":true}]}}