{"id":37452,"date":"2018-07-10T20:13:41","date_gmt":"2018-07-10T20:13:41","guid":{"rendered":"https:\/\/www.alltpaettkort.com\/produkt\/terraforming-mars-prelude\/"},"modified":"2025-02-01T15:50:21","modified_gmt":"2025-02-01T15:50:21","slug":"terraforming-mars-prelude","status":"publish","type":"product","link":"https:\/\/www.alltpaettkort.com\/en\/product\/terraforming-mars-prelude\/","title":{"rendered":"Terraforming Mars: Prelude"},"content":{"rendered":"<p><em>As the mega corporations are getting ready to start the terraforming process, you now have the chance to make those early choices that will come to define your corporation and set the course for the future history of Mars &#8211; this is the prelude to your greatest endeavors!<\/em><\/p>\n<p>In <em><strong>Terraforming Mars: Prelude<\/strong><\/em>, you get to choose from Prelude cards that jumpstart the terraforming process, or boost your corporation engine. There are also 5 new corporations, and 7 project cards that thematically fit the early stages of terraforming.<\/p>\n<p>Prelude is an expansion to Terraforming Mars, and can be combined with any other Terraforming Mars expansion or variant.<\/p>\n<p><strong><a href=\"https:\/\/boardgamegeek.com\/boardgameexpansion\/247030\/terraforming-mars-prelude\" target=\"_blank\" rel=\"noopener\">L\u00e4s mer p\u00e5 Boardgamegeek<\/a><\/strong><\/p>","protected":false},"excerpt":{"rendered":"<p>Den tredje expansionen\u00a0till f\u00f6rtr\u00e4ffliga Terraforming Mars med nya corporations, projects och prelude-kort som hj\u00e4lper till att kickstarta spelomg\u00e5ngarna!<\/p>","protected":false},"featured_media":37453,"template":"","meta":[],"product_brand":[],"product_cat":[43],"product_tag":[117,382],"class_list":{"0":"post-37452","1":"product","2":"type-product","3":"status-publish","4":"has-post-thumbnail","6":"product_cat-expansion","7":"product_tag-stronghold-games","8":"product_tag-terraforming-mars","10":"first","11":"outofstock","12":"taxable","13":"shipping-taxable","14":"purchasable","15":"product-type-simple"},"_links":{"self":[{"href":"https:\/\/www.alltpaettkort.com\/en\/wp-json\/wp\/v2\/product\/37452","targetHints":{"allow":["GET"]}}],"collection":[{"href":"https:\/\/www.alltpaettkort.com\/en\/wp-json\/wp\/v2\/product"}],"about":[{"href":"https:\/\/www.alltpaettkort.com\/en\/wp-json\/wp\/v2\/types\/product"}],"wp:featuredmedia":[{"embeddable":true,"href":"https:\/\/www.alltpaettkort.com\/en\/wp-json\/wp\/v2\/media\/37453"}],"wp:attachment":[{"href":"https:\/\/www.alltpaettkort.com\/en\/wp-json\/wp\/v2\/media?parent=37452"}],"wp:term":[{"taxonomy":"product_brand","embeddable":true,"href":"https:\/\/www.alltpaettkort.com\/en\/wp-json\/wp\/v2\/product_brand?post=37452"},{"taxonomy":"product_cat","embeddable":true,"href":"https:\/\/www.alltpaettkort.com\/en\/wp-json\/wp\/v2\/product_cat?post=37452"},{"taxonomy":"product_tag","embeddable":true,"href":"https:\/\/www.alltpaettkort.com\/en\/wp-json\/wp\/v2\/product_tag?post=37452"}],"curies":[{"name":"wp","href":"https:\/\/api.w.org\/{rel}","templated":true}]}}