{"id":37982,"date":"2017-09-03T13:56:13","date_gmt":"2017-09-03T13:56:13","guid":{"rendered":"https:\/\/www.alltpaettkort.com\/produkt\/matt-black-primer-spray-the-army-painter\/"},"modified":"2022-01-13T08:36:46","modified_gmt":"2022-01-13T08:36:46","slug":"matt-black-primer-spray-the-army-painter","status":"publish","type":"product","link":"https:\/\/www.alltpaettkort.com\/en\/product\/matt-black-primer-spray-the-army-painter\/","title":{"rendered":"Matt Black Primer Spray &#8211; The Army Painter"},"content":{"rendered":"<p>A very fine pigment makes the Matt White Undercoat a perfect primer for all paint jobs. The paint dries very quickly and leaves every detail on the miniature in excellent condition. <\/p>","protected":false},"excerpt":{"rendered":"<p>400 ml svart sprayf\u00e4rg av b\u00e4sta kvalit\u00e9 att grundm\u00e5la dina figurer med!<\/p>","protected":false},"featured_media":37983,"template":"","meta":[],"product_brand":[],"product_cat":[103],"product_tag":[221],"class_list":{"0":"post-37982","1":"product","2":"type-product","3":"status-publish","4":"has-post-thumbnail","6":"product_cat-tillbehor","7":"product_tag-figurmaleri","9":"first","10":"outofstock","11":"taxable","12":"shipping-taxable","13":"purchasable","14":"product-type-simple"},"_links":{"self":[{"href":"https:\/\/www.alltpaettkort.com\/en\/wp-json\/wp\/v2\/product\/37982","targetHints":{"allow":["GET"]}}],"collection":[{"href":"https:\/\/www.alltpaettkort.com\/en\/wp-json\/wp\/v2\/product"}],"about":[{"href":"https:\/\/www.alltpaettkort.com\/en\/wp-json\/wp\/v2\/types\/product"}],"wp:featuredmedia":[{"embeddable":true,"href":"https:\/\/www.alltpaettkort.com\/en\/wp-json\/wp\/v2\/media\/37983"}],"wp:attachment":[{"href":"https:\/\/www.alltpaettkort.com\/en\/wp-json\/wp\/v2\/media?parent=37982"}],"wp:term":[{"taxonomy":"product_brand","embeddable":true,"href":"https:\/\/www.alltpaettkort.com\/en\/wp-json\/wp\/v2\/product_brand?post=37982"},{"taxonomy":"product_cat","embeddable":true,"href":"https:\/\/www.alltpaettkort.com\/en\/wp-json\/wp\/v2\/product_cat?post=37982"},{"taxonomy":"product_tag","embeddable":true,"href":"https:\/\/www.alltpaettkort.com\/en\/wp-json\/wp\/v2\/product_tag?post=37982"}],"curies":[{"name":"wp","href":"https:\/\/api.w.org\/{rel}","templated":true}]}}