{"id":381,"date":"2022-11-25T12:39:48","date_gmt":"2022-11-25T12:39:48","guid":{"rendered":"https:\/\/www.alltpaettkort.com\/produkt\/robo-rally\/"},"modified":"2025-12-08T12:20:24","modified_gmt":"2025-12-08T12:20:24","slug":"robo-rally","status":"publish","type":"product","link":"https:\/\/www.alltpaettkort.com\/en\/product\/robo-rally\/","title":{"rendered":"Robo Rally"},"content":{"rendered":"<p>Imagine that you&#8217;re a supercomputer. Now imagine that you&#8217;re bored. So you dream up a little contest for you and a couple of your supercomputing buddies. Your task is to move one of the stupid little robots out on the factory floor through a series of checkpoints scattered throughout the factory. The wrinkle, however, is that the factory floor is filled with all kinds of inconvenient (if not down-right deadly) obstacles located in various locations: conveyor belts, crushers, flame-throwers, pushers, teleporters, oil slicks, pits, et cetera. But the real fun comes when the robots cross each other&#8217;s path, and suddenly your perfect route is something less than that&#8230;<\/p>\n<div><strong>F\u00f6r 2-6 spelare<br \/>\n20-120 min speltid<br \/>\nRekommenderad \u00e5lder: 12 <a href=\"http:\/\/boardgamegeek.com\/boardgame\/18\/roborally\" target=\"_blank\" rel=\"noopener noreferrer\"><br \/>\nL\u00e4s mer p\u00e5 Boardgamegeek<\/a><\/strong><\/div>","protected":false},"excerpt":{"rendered":"<p>Du och dina v\u00e4nner \u00e4r uttr\u00e5kade superdatorer och best\u00e4mmer er f\u00f6r att sl\u00e4nga ihop en liten galen robotracet\u00e4vling i fabriken. RoboRally \u00e4r precis lika fantastiskt knasigt och roligt som det l\u00e5ter!<\/p>","protected":false},"featured_media":382,"template":"","meta":[],"product_brand":[],"product_cat":[17],"product_tag":[],"class_list":{"0":"post-381","1":"product","2":"type-product","3":"status-publish","4":"has-post-thumbnail","6":"product_cat-strategispel","8":"first","9":"outofstock","10":"taxable","11":"shipping-taxable","12":"purchasable","13":"product-type-simple"},"_links":{"self":[{"href":"https:\/\/www.alltpaettkort.com\/en\/wp-json\/wp\/v2\/product\/381","targetHints":{"allow":["GET"]}}],"collection":[{"href":"https:\/\/www.alltpaettkort.com\/en\/wp-json\/wp\/v2\/product"}],"about":[{"href":"https:\/\/www.alltpaettkort.com\/en\/wp-json\/wp\/v2\/types\/product"}],"wp:featuredmedia":[{"embeddable":true,"href":"https:\/\/www.alltpaettkort.com\/en\/wp-json\/wp\/v2\/media\/382"}],"wp:attachment":[{"href":"https:\/\/www.alltpaettkort.com\/en\/wp-json\/wp\/v2\/media?parent=381"}],"wp:term":[{"taxonomy":"product_brand","embeddable":true,"href":"https:\/\/www.alltpaettkort.com\/en\/wp-json\/wp\/v2\/product_brand?post=381"},{"taxonomy":"product_cat","embeddable":true,"href":"https:\/\/www.alltpaettkort.com\/en\/wp-json\/wp\/v2\/product_cat?post=381"},{"taxonomy":"product_tag","embeddable":true,"href":"https:\/\/www.alltpaettkort.com\/en\/wp-json\/wp\/v2\/product_tag?post=381"}],"curies":[{"name":"wp","href":"https:\/\/api.w.org\/{rel}","templated":true}]}}