{"id":38162,"date":"2018-10-11T13:39:34","date_gmt":"2018-10-11T13:39:34","guid":{"rendered":"https:\/\/www.alltpaettkort.com\/produkt\/rise-of-the-necromancers\/"},"modified":"2022-01-13T08:36:47","modified_gmt":"2022-01-13T08:36:47","slug":"rise-of-the-necromancers","status":"publish","type":"product","link":"https:\/\/www.alltpaettkort.com\/en\/product\/rise-of-the-necromancers\/","title":{"rendered":"Rise of the Necromancers"},"content":{"rendered":"<p>Are you evil&#8230;Maybe just a little?<\/p>\n<p>Then unleash your most wretched forces \u2013 and seize the power!<\/p>\n<p>To become the Necromancer King, you\u2019ll have to master dark magic, raise an army of undead minions, explore festering dungeons and research ancient artifacts and spells.<\/p>\n<p>Rise of the Necromancers is an evil strategy game for 2-5 players, where each player controls a Necromancer struggling for absolute dominance.<\/p>\n<p>Rise of the Necromancers is based on a classic fantasy narrative with character development as well as territorial strategy. The objective of the game is to develop your Necromancer and take control of the lands. Each player starts out as an aspiring Necromancer who can study spells, craft artifacts and eventually graduate from one of four academies. In time, your Necromancer can attract their own apprentice and assemble an undead army of minions to rule the lands.<\/p>\n<p>Your Necromancer can venture into dungeons where they will encounter wonders and dangerous creatures \u2013 and perhaps meet new companions. In the end, your Necromancer might be able to return to their academy and become Headmaster \u2013 or even seize the foulest of thrones as the Necromancer King.<\/p>\n<p>Each player moves his or her miniature Necromancer around the game board to gather resources, spells and artifacts, enter dungeons, battle cities and fight rival Necromancers.<\/p>\n<p>Throughout the game, Necromancers can increase their combat and movement abilities as they amass their armies. A Necromancer\u2019s minions can also be left behind to protect conquered cities and dungeons.<\/p>\n<p>In addition to the game\u2019s territorial component, the players compete in collecting spells, artifacts and minions affiliated with the four academies. Enough elements of the same color can make you Headmaster of an academy. The game has a varying starting setup, so no two games are ever the same.<\/p>\n<p><strong>F\u00f6r 2-5 spelare<\/strong><br \/>\n<strong>25-120 min speltid<\/strong><br \/>\n<strong>Rekommenderad \u00e5lder: 13 <\/strong><br \/>\n<a href=\"https:\/\/boardgamegeek.com\/boardgame\/227002\/rise-necromancers\"><strong>L\u00e4s mer p\u00e5 Boardgamegeek<\/strong><\/a><\/p>","protected":false},"excerpt":{"rendered":"<p>Dansk Kickstarter-succ\u00e9 om att sl\u00e4ppa fram sin inre Necromancer och och skapa en alldeles egen od\u00f6d arm\u00e9 f\u00f6r att fullst\u00e4ndigt korrumpera v\u00e4rlden!<\/p>","protected":false},"featured_media":38163,"template":"","meta":[],"product_brand":[],"product_cat":[16],"product_tag":[483],"class_list":{"0":"post-38162","1":"product","2":"type-product","3":"status-publish","4":"has-post-thumbnail","6":"product_cat-ameritrash","7":"product_tag-sore-loser-games","9":"first","10":"outofstock","11":"taxable","12":"shipping-taxable","13":"purchasable","14":"product-type-simple"},"_links":{"self":[{"href":"https:\/\/www.alltpaettkort.com\/en\/wp-json\/wp\/v2\/product\/38162","targetHints":{"allow":["GET"]}}],"collection":[{"href":"https:\/\/www.alltpaettkort.com\/en\/wp-json\/wp\/v2\/product"}],"about":[{"href":"https:\/\/www.alltpaettkort.com\/en\/wp-json\/wp\/v2\/types\/product"}],"wp:featuredmedia":[{"embeddable":true,"href":"https:\/\/www.alltpaettkort.com\/en\/wp-json\/wp\/v2\/media\/38163"}],"wp:attachment":[{"href":"https:\/\/www.alltpaettkort.com\/en\/wp-json\/wp\/v2\/media?parent=38162"}],"wp:term":[{"taxonomy":"product_brand","embeddable":true,"href":"https:\/\/www.alltpaettkort.com\/en\/wp-json\/wp\/v2\/product_brand?post=38162"},{"taxonomy":"product_cat","embeddable":true,"href":"https:\/\/www.alltpaettkort.com\/en\/wp-json\/wp\/v2\/product_cat?post=38162"},{"taxonomy":"product_tag","embeddable":true,"href":"https:\/\/www.alltpaettkort.com\/en\/wp-json\/wp\/v2\/product_tag?post=38162"}],"curies":[{"name":"wp","href":"https:\/\/api.w.org\/{rel}","templated":true}]}}