{"id":38168,"date":"2018-09-11T13:40:25","date_gmt":"2018-09-11T13:40:25","guid":{"rendered":"https:\/\/www.alltpaettkort.com\/produkt\/pictomania-second-edition\/"},"modified":"2022-01-13T08:36:47","modified_gmt":"2022-01-13T08:36:47","slug":"pictomania-second-edition","status":"publish","type":"product","link":"https:\/\/www.alltpaettkort.com\/en\/product\/pictomania-second-edition\/","title":{"rendered":"Pictomania (second edition)"},"content":{"rendered":"<p>Is she drawing an elk or a moose? Is he drawing a pegasus or a unicorn? These are the types of questions you will probably be asking yourself during a game of <em><strong>Pictomania<\/strong><\/em>!<\/p>\n<p>There&#8217;s no time to draw a complex masterpiece in <em>Pictomania<\/em>, the drawing game in which everybody draws and everybody guesses \u2014 all at the same time! Players sketch the essence of the word with a few quick lines and try to guess the others&#8217; drawings while there&#8217;s still time.<\/p>\n<p>This second edition of <em>Pictomania<\/em> features revised word cards with a brand new look. One big change for this edition compared to the base game is that only three word cards are in play no matter the player count, allowing you to jump into each round more quickly since you don&#8217;t have to read as many words to guess who might be drawing what.<\/p>\n<p><strong>3-6\u00a0spelare<\/strong><br \/>\n<strong>20-40 min speltid<\/strong><br \/>\n<strong>Rekommenderad \u00e5lder: 8 <\/strong><br \/>\n<a href=\"https:\/\/boardgamegeek.com\/boardgame\/252526\/pictomania-second-edition\" target=\"_blank\" rel=\"noopener\"><strong>L\u00e4s mer p\u00e5 Boardgamegeek<\/strong><\/a><\/p>","protected":false},"excerpt":{"rendered":"<p>Ny beh\u00e4ndig och prisv\u00e4rd utg\u00e5va av Vlaada Chv\u00e1tils underbara partyspel Pictomania d\u00e4r spelarna f\u00e5r rita febrilt och samtidigt f\u00f6rs\u00f6ka gissa s\u00e5 snabbt som m\u00f6jligt!<\/p>","protected":false},"featured_media":38169,"template":"","meta":[],"product_brand":[],"product_cat":[69,31,38,30],"product_tag":[136],"class_list":{"0":"post-38168","1":"product","2":"type-product","3":"status-publish","4":"has-post-thumbnail","6":"product_cat-barnspel","7":"product_cat-familjespel","8":"product_cat-partyspel","9":"product_cat-sallskapsspel","10":"product_tag-czech-games-edition","12":"first","13":"outofstock","14":"taxable","15":"shipping-taxable","16":"purchasable","17":"product-type-simple"},"_links":{"self":[{"href":"https:\/\/www.alltpaettkort.com\/en\/wp-json\/wp\/v2\/product\/38168","targetHints":{"allow":["GET"]}}],"collection":[{"href":"https:\/\/www.alltpaettkort.com\/en\/wp-json\/wp\/v2\/product"}],"about":[{"href":"https:\/\/www.alltpaettkort.com\/en\/wp-json\/wp\/v2\/types\/product"}],"wp:featuredmedia":[{"embeddable":true,"href":"https:\/\/www.alltpaettkort.com\/en\/wp-json\/wp\/v2\/media\/38169"}],"wp:attachment":[{"href":"https:\/\/www.alltpaettkort.com\/en\/wp-json\/wp\/v2\/media?parent=38168"}],"wp:term":[{"taxonomy":"product_brand","embeddable":true,"href":"https:\/\/www.alltpaettkort.com\/en\/wp-json\/wp\/v2\/product_brand?post=38168"},{"taxonomy":"product_cat","embeddable":true,"href":"https:\/\/www.alltpaettkort.com\/en\/wp-json\/wp\/v2\/product_cat?post=38168"},{"taxonomy":"product_tag","embeddable":true,"href":"https:\/\/www.alltpaettkort.com\/en\/wp-json\/wp\/v2\/product_tag?post=38168"}],"curies":[{"name":"wp","href":"https:\/\/api.w.org\/{rel}","templated":true}]}}