{"id":38337,"date":"2020-01-09T08:11:32","date_gmt":"2020-01-09T08:11:32","guid":{"rendered":"https:\/\/www.alltpaettkort.com\/produkt\/brass-birmingham\/"},"modified":"2022-01-13T08:36:54","modified_gmt":"2022-01-13T08:36:54","slug":"brass-birmingham","status":"publish","type":"product","link":"https:\/\/www.alltpaettkort.com\/en\/product\/brass-birmingham\/","title":{"rendered":"Brass: Birmingham"},"content":{"rendered":"<p>Brass: Birmingham is an economic strategy game sequel to Martin Wallace&#8217; 2007 masterpiece, Brass. Birmingham tells the story of competing entrepreneurs in Birmingham during the industrial revolution, between the years of 1770-1870.<\/p>\n<p>As in its predecessor, you must develop, build, and establish your industries and network, in an effort to exploit low or high market demands.<\/p>\n<p><strong>F\u00f6r 2-4 spelare<\/strong><br \/>\n<strong>60-120 min speltid<\/strong><br \/>\n<strong>Rekommenderad \u00e5lder: 14 <\/strong><br \/>\n<a href=\"https:\/\/boardgamegeek.com\/boardgame\/224517\/brass-birmingham\"><strong>L\u00e4s mer p\u00e5 Boardgamegeek<\/strong><\/a><\/p>","protected":false},"excerpt":{"rendered":"<p>Makal\u00f6s uppf\u00f6ljare till Martin Wallace \u00e4lskade Brass om den industriella revolutionen mellan\u00a01770-1870! OBS. Detta ex \u00e4r \u00f6ppnat, men komplett, ospelat och i gott skick!<\/p>","protected":false},"featured_media":38338,"template":"","meta":[],"product_brand":[],"product_cat":[17],"product_tag":[400],"class_list":{"0":"post-38337","1":"product","2":"type-product","3":"status-publish","4":"has-post-thumbnail","6":"product_cat-strategispel","7":"product_tag-roxley-games","9":"first","10":"outofstock","11":"featured","12":"taxable","13":"shipping-taxable","14":"purchasable","15":"product-type-simple"},"_links":{"self":[{"href":"https:\/\/www.alltpaettkort.com\/en\/wp-json\/wp\/v2\/product\/38337","targetHints":{"allow":["GET"]}}],"collection":[{"href":"https:\/\/www.alltpaettkort.com\/en\/wp-json\/wp\/v2\/product"}],"about":[{"href":"https:\/\/www.alltpaettkort.com\/en\/wp-json\/wp\/v2\/types\/product"}],"wp:featuredmedia":[{"embeddable":true,"href":"https:\/\/www.alltpaettkort.com\/en\/wp-json\/wp\/v2\/media\/38338"}],"wp:attachment":[{"href":"https:\/\/www.alltpaettkort.com\/en\/wp-json\/wp\/v2\/media?parent=38337"}],"wp:term":[{"taxonomy":"product_brand","embeddable":true,"href":"https:\/\/www.alltpaettkort.com\/en\/wp-json\/wp\/v2\/product_brand?post=38337"},{"taxonomy":"product_cat","embeddable":true,"href":"https:\/\/www.alltpaettkort.com\/en\/wp-json\/wp\/v2\/product_cat?post=38337"},{"taxonomy":"product_tag","embeddable":true,"href":"https:\/\/www.alltpaettkort.com\/en\/wp-json\/wp\/v2\/product_tag?post=38337"}],"curies":[{"name":"wp","href":"https:\/\/api.w.org\/{rel}","templated":true}]}}