{"id":38343,"date":"2018-09-25T07:12:59","date_gmt":"2018-09-25T07:12:59","guid":{"rendered":"https:\/\/www.alltpaettkort.com\/produkt\/sagrada-5-6-player-expansion\/"},"modified":"2022-01-13T08:36:55","modified_gmt":"2022-01-13T08:36:55","slug":"sagrada-5-6-player-expansion","status":"publish","type":"product","link":"https:\/\/www.alltpaettkort.com\/en\/product\/sagrada-5-6-player-expansion\/","title":{"rendered":"Sagrada: 5 &amp; 6 Player Expansion"},"content":{"rendered":"<p>Add to your Sagrada experience with the 5-6 Player Expansion!<\/p>\n<p>You can now enjoy more Sagrada by adding up to 2 extra players! This expansion introduces the Private Dice Pool boards for smooth gameplay through 6 players. Also includes new private objectives, tools, and window pattern cards.<\/p>\n<p>This expansion is not standalone. The Sagrada base game is required to play.<\/p>\n<p><a href=\"https:\/\/boardgamegeek.com\/boardgameexpansion\/244262\/sagrada-5-6-player-expansion\"><strong>L\u00e4s mer p\u00e5 Boardgamegeek<\/strong><\/a><\/p>","protected":false},"excerpt":{"rendered":"<p>Expansion till det bed\u00e5rande Sagrada med nya m\u00f6nster, private objectives, tools och st\u00f6d f\u00f6r upp till 6 spelare!<\/p>","protected":false},"featured_media":38344,"template":"","meta":[],"product_brand":[],"product_cat":[43],"product_tag":[416,417],"class_list":{"0":"post-38343","1":"product","2":"type-product","3":"status-publish","4":"has-post-thumbnail","6":"product_cat-expansion","7":"product_tag-floodgate-games","8":"product_tag-sagrada","10":"first","11":"outofstock","12":"taxable","13":"shipping-taxable","14":"purchasable","15":"product-type-simple"},"_links":{"self":[{"href":"https:\/\/www.alltpaettkort.com\/en\/wp-json\/wp\/v2\/product\/38343","targetHints":{"allow":["GET"]}}],"collection":[{"href":"https:\/\/www.alltpaettkort.com\/en\/wp-json\/wp\/v2\/product"}],"about":[{"href":"https:\/\/www.alltpaettkort.com\/en\/wp-json\/wp\/v2\/types\/product"}],"wp:featuredmedia":[{"embeddable":true,"href":"https:\/\/www.alltpaettkort.com\/en\/wp-json\/wp\/v2\/media\/38344"}],"wp:attachment":[{"href":"https:\/\/www.alltpaettkort.com\/en\/wp-json\/wp\/v2\/media?parent=38343"}],"wp:term":[{"taxonomy":"product_brand","embeddable":true,"href":"https:\/\/www.alltpaettkort.com\/en\/wp-json\/wp\/v2\/product_brand?post=38343"},{"taxonomy":"product_cat","embeddable":true,"href":"https:\/\/www.alltpaettkort.com\/en\/wp-json\/wp\/v2\/product_cat?post=38343"},{"taxonomy":"product_tag","embeddable":true,"href":"https:\/\/www.alltpaettkort.com\/en\/wp-json\/wp\/v2\/product_tag?post=38343"}],"curies":[{"name":"wp","href":"https:\/\/api.w.org\/{rel}","templated":true}]}}