{"id":38413,"date":"2018-11-03T12:38:42","date_gmt":"2018-11-03T12:38:42","guid":{"rendered":"https:\/\/www.alltpaettkort.com\/produkt\/century-eastern-wonders\/"},"modified":"2022-01-13T08:36:56","modified_gmt":"2022-01-13T08:36:56","slug":"century-eastern-wonders","status":"publish","type":"product","link":"https:\/\/www.alltpaettkort.com\/en\/product\/century-eastern-wonders\/","title":{"rendered":"Century: Eastern Wonders"},"content":{"rendered":"<p>Centuries ago, the lucrative spice trade compelled the prosperous nations of the world to explore alternate routes to the sources of these precious goods. These nations took to the seas to seek out exotic lands. This led to the discovery of the famed Spice Islands where the most valuable spices of the world were found. This discovery also led to further exploration, competition&#8230;.and later, war! During this time of prosperity and opportunity, you find yourself traveling on the high seas in search of these exotic wonders. As a merchant and privateer representing your nation, you seek to control this region for glory and profit. Your journey continues in the Far East&#8230;<\/p>\n<p>Designed by Emerson Matsuuchi, <em><strong>Century: Eastern Wonders<\/strong><\/em> invites fans to return to the exciting world of spice trading as players take to the high seas in the role of merchants seeking to prosper in the exotic Indonesian islands. <em>Century: Eastern Wonders<\/em> offers new, satisfying game mechanisms that provide infinite replayability and countless strategies.<\/p>\n<p><em>Century: Eastern Wonders<\/em> can be combined with <em>Century: Spice Road<\/em> to create a new gaming experience called <em>Sand To Sea<\/em>!<\/p>\n<p><strong>F\u00f6r 2-4 spelare<\/strong><br \/>\n<strong>30-45 min speltid<\/strong><br \/>\n<strong>Rekommenderad \u00e5lder: 8 <\/strong><br \/>\n<a href=\"https:\/\/boardgamegeek.com\/boardgame\/242574\/century-eastern-wonders\"><strong>L\u00e4s mer p\u00e5 Boardgamegeek<\/strong><\/a><\/p>","protected":false},"excerpt":{"rendered":"<p>Nytt f\u00f6rtjusande spel i Century-serien som tar med kryddhandeln ut p\u00e5 det b\u00f6ljande bl\u00e5 med massor av nya m\u00f6jligheter!<\/p>","protected":false},"featured_media":38414,"template":"","meta":[],"product_brand":[],"product_cat":[29,31,30],"product_tag":[422],"class_list":{"0":"post-38413","1":"product","2":"type-product","3":"status-publish","4":"has-post-thumbnail","6":"product_cat-eurospel","7":"product_cat-familjespel","8":"product_cat-sallskapsspel","9":"product_tag-plan-b-games","11":"first","12":"outofstock","13":"taxable","14":"shipping-taxable","15":"purchasable","16":"product-type-simple"},"_links":{"self":[{"href":"https:\/\/www.alltpaettkort.com\/en\/wp-json\/wp\/v2\/product\/38413","targetHints":{"allow":["GET"]}}],"collection":[{"href":"https:\/\/www.alltpaettkort.com\/en\/wp-json\/wp\/v2\/product"}],"about":[{"href":"https:\/\/www.alltpaettkort.com\/en\/wp-json\/wp\/v2\/types\/product"}],"wp:featuredmedia":[{"embeddable":true,"href":"https:\/\/www.alltpaettkort.com\/en\/wp-json\/wp\/v2\/media\/38414"}],"wp:attachment":[{"href":"https:\/\/www.alltpaettkort.com\/en\/wp-json\/wp\/v2\/media?parent=38413"}],"wp:term":[{"taxonomy":"product_brand","embeddable":true,"href":"https:\/\/www.alltpaettkort.com\/en\/wp-json\/wp\/v2\/product_brand?post=38413"},{"taxonomy":"product_cat","embeddable":true,"href":"https:\/\/www.alltpaettkort.com\/en\/wp-json\/wp\/v2\/product_cat?post=38413"},{"taxonomy":"product_tag","embeddable":true,"href":"https:\/\/www.alltpaettkort.com\/en\/wp-json\/wp\/v2\/product_tag?post=38413"}],"curies":[{"name":"wp","href":"https:\/\/api.w.org\/{rel}","templated":true}]}}