{"id":38430,"date":"2018-11-03T18:12:10","date_gmt":"2018-11-03T18:12:10","guid":{"rendered":"https:\/\/www.alltpaettkort.com\/produkt\/t-i-m-e-stories-brotherhood-of-the-coast\/"},"modified":"2022-01-13T08:36:57","modified_gmt":"2022-01-13T08:36:57","slug":"t-i-m-e-stories-brotherhood-of-the-coast","status":"publish","type":"product","link":"https:\/\/www.alltpaettkort.com\/en\/product\/t-i-m-e-stories-brotherhood-of-the-coast\/","title":{"rendered":"T.I.M.E Stories: Brotherhood of the Coast"},"content":{"rendered":"<p>Hoist the \u00a0Agency flag and ready yourselves to cross the high seas with <em><strong>Brotherhood of the Coast<\/strong><\/em>, the seventh <em>T.I.M.E Stories<\/em> expansion. Four seasoned T.I.M.E agents have been sent on a mission in the Caribbean in the 17th century, but contact has been cut off and their location remains a mystery. The receptacles in question are four well-known buccaneer brothers, and your help is needed to track them down. Rally your motley crew and ready yourselves for anything is possible in the waters that await you.<\/p>\n<p><strong><a href=\"https:\/\/boardgamegeek.com\/boardgameexpansion\/220839\/time-stories-brotherhood-coast\" target=\"_blank\" rel=\"noopener noreferrer\">L\u00e4s mer p\u00e5 Boardgamegeek<\/a><\/strong><\/p>\n<p>&nbsp;<\/p>","protected":false},"excerpt":{"rendered":"<p>\u00c4ntligen ett nytt \u00e4ventyr till T.I.M.E Stories, den h\u00e4r g\u00e5ngen f\u00e5r vi slungas in i Karibien under 1600-talet!<\/p>","protected":false},"featured_media":38431,"template":"","meta":[],"product_brand":[],"product_cat":[43],"product_tag":[332,346],"class_list":{"0":"post-38430","1":"product","2":"type-product","3":"status-publish","4":"has-post-thumbnail","6":"product_cat-expansion","7":"product_tag-space-cowboys","8":"product_tag-t-i-m-e-stories","10":"first","11":"outofstock","12":"taxable","13":"shipping-taxable","14":"purchasable","15":"product-type-simple"},"_links":{"self":[{"href":"https:\/\/www.alltpaettkort.com\/en\/wp-json\/wp\/v2\/product\/38430","targetHints":{"allow":["GET"]}}],"collection":[{"href":"https:\/\/www.alltpaettkort.com\/en\/wp-json\/wp\/v2\/product"}],"about":[{"href":"https:\/\/www.alltpaettkort.com\/en\/wp-json\/wp\/v2\/types\/product"}],"wp:featuredmedia":[{"embeddable":true,"href":"https:\/\/www.alltpaettkort.com\/en\/wp-json\/wp\/v2\/media\/38431"}],"wp:attachment":[{"href":"https:\/\/www.alltpaettkort.com\/en\/wp-json\/wp\/v2\/media?parent=38430"}],"wp:term":[{"taxonomy":"product_brand","embeddable":true,"href":"https:\/\/www.alltpaettkort.com\/en\/wp-json\/wp\/v2\/product_brand?post=38430"},{"taxonomy":"product_cat","embeddable":true,"href":"https:\/\/www.alltpaettkort.com\/en\/wp-json\/wp\/v2\/product_cat?post=38430"},{"taxonomy":"product_tag","embeddable":true,"href":"https:\/\/www.alltpaettkort.com\/en\/wp-json\/wp\/v2\/product_tag?post=38430"}],"curies":[{"name":"wp","href":"https:\/\/api.w.org\/{rel}","templated":true}]}}