{"id":38440,"date":"2018-11-01T18:43:08","date_gmt":"2018-11-01T18:43:08","guid":{"rendered":"https:\/\/www.alltpaettkort.com\/produkt\/dicetopia-agent-meeple-pack\/"},"modified":"2022-01-13T08:36:59","modified_gmt":"2022-01-13T08:36:59","slug":"dicetopia-agent-meeple-pack","status":"publish","type":"product","link":"https:\/\/www.alltpaettkort.com\/en\/product\/dicetopia-agent-meeple-pack\/","title":{"rendered":"Dicetopia Agent Meeple Pack"},"content":{"rendered":"<p>The add-on is for Dicetopia and includes the following components:<\/p>\n<p>7 x Black Translucent Mini-Meeples<br \/>\n7 x Red Translucent Mini-Meeples<br \/>\n7 x Blue Translucent Mini-Meeples<br \/>\n7 x Yellow Translucent Mini-Meeples<br \/>\n7 x Green Translucent Mini-Meeples<\/p>","protected":false},"excerpt":{"rendered":"<p>Finfina sm\u00e5 agenter i akryl till Dicetopia f\u00f6r \u00e4nnu st\u00f6rre inlevelse!<\/p>","protected":false},"featured_media":38441,"template":"","meta":[],"product_brand":[],"product_cat":[103],"product_tag":[489,490],"class_list":{"0":"post-38440","1":"product","2":"type-product","3":"status-publish","4":"has-post-thumbnail","6":"product_cat-tillbehor","7":"product_tag-all-or-none-games","8":"product_tag-dicetopia","10":"first","11":"instock","12":"taxable","13":"shipping-taxable","14":"purchasable","15":"product-type-simple"},"_links":{"self":[{"href":"https:\/\/www.alltpaettkort.com\/en\/wp-json\/wp\/v2\/product\/38440","targetHints":{"allow":["GET"]}}],"collection":[{"href":"https:\/\/www.alltpaettkort.com\/en\/wp-json\/wp\/v2\/product"}],"about":[{"href":"https:\/\/www.alltpaettkort.com\/en\/wp-json\/wp\/v2\/types\/product"}],"wp:featuredmedia":[{"embeddable":true,"href":"https:\/\/www.alltpaettkort.com\/en\/wp-json\/wp\/v2\/media\/38441"}],"wp:attachment":[{"href":"https:\/\/www.alltpaettkort.com\/en\/wp-json\/wp\/v2\/media?parent=38440"}],"wp:term":[{"taxonomy":"product_brand","embeddable":true,"href":"https:\/\/www.alltpaettkort.com\/en\/wp-json\/wp\/v2\/product_brand?post=38440"},{"taxonomy":"product_cat","embeddable":true,"href":"https:\/\/www.alltpaettkort.com\/en\/wp-json\/wp\/v2\/product_cat?post=38440"},{"taxonomy":"product_tag","embeddable":true,"href":"https:\/\/www.alltpaettkort.com\/en\/wp-json\/wp\/v2\/product_tag?post=38440"}],"curies":[{"name":"wp","href":"https:\/\/api.w.org\/{rel}","templated":true}]}}