{"id":38445,"date":"2018-11-01T18:52:31","date_gmt":"2018-11-01T18:52:31","guid":{"rendered":"https:\/\/www.alltpaettkort.com\/produkt\/dicetopia-solo-expansion\/"},"modified":"2022-01-13T08:37:00","modified_gmt":"2022-01-13T08:37:00","slug":"dicetopia-solo-expansion","status":"publish","type":"product","link":"https:\/\/www.alltpaettkort.com\/en\/product\/dicetopia-solo-expansion\/","title":{"rendered":"Dicetopia Solo Expansion"},"content":{"rendered":"","protected":false},"excerpt":{"rendered":"<p>Ta dig an den minst sagt oborstade Steve i denna b\u00e5ngstyriga solo-expansion till Dicetopia, som \u00e4ven g\u00e5r att inkludera i spel med 2-3 spelare!<\/p>","protected":false},"featured_media":38446,"template":"","meta":[],"product_brand":[],"product_cat":[43],"product_tag":[489,490],"class_list":{"0":"post-38445","1":"product","2":"type-product","3":"status-publish","4":"has-post-thumbnail","6":"product_cat-expansion","7":"product_tag-all-or-none-games","8":"product_tag-dicetopia","10":"first","11":"instock","12":"taxable","13":"shipping-taxable","14":"purchasable","15":"product-type-simple"},"_links":{"self":[{"href":"https:\/\/www.alltpaettkort.com\/en\/wp-json\/wp\/v2\/product\/38445","targetHints":{"allow":["GET"]}}],"collection":[{"href":"https:\/\/www.alltpaettkort.com\/en\/wp-json\/wp\/v2\/product"}],"about":[{"href":"https:\/\/www.alltpaettkort.com\/en\/wp-json\/wp\/v2\/types\/product"}],"wp:featuredmedia":[{"embeddable":true,"href":"https:\/\/www.alltpaettkort.com\/en\/wp-json\/wp\/v2\/media\/38446"}],"wp:attachment":[{"href":"https:\/\/www.alltpaettkort.com\/en\/wp-json\/wp\/v2\/media?parent=38445"}],"wp:term":[{"taxonomy":"product_brand","embeddable":true,"href":"https:\/\/www.alltpaettkort.com\/en\/wp-json\/wp\/v2\/product_brand?post=38445"},{"taxonomy":"product_cat","embeddable":true,"href":"https:\/\/www.alltpaettkort.com\/en\/wp-json\/wp\/v2\/product_cat?post=38445"},{"taxonomy":"product_tag","embeddable":true,"href":"https:\/\/www.alltpaettkort.com\/en\/wp-json\/wp\/v2\/product_tag?post=38445"}],"curies":[{"name":"wp","href":"https:\/\/api.w.org\/{rel}","templated":true}]}}