{"id":38536,"date":"2018-09-28T14:47:24","date_gmt":"2018-09-28T14:47:24","guid":{"rendered":"https:\/\/www.alltpaettkort.com\/produkt\/discover-lands-unknown\/"},"modified":"2022-01-13T08:37:03","modified_gmt":"2022-01-13T08:37:03","slug":"discover-lands-unknown","status":"publish","type":"product","link":"https:\/\/www.alltpaettkort.com\/en\/product\/discover-lands-unknown\/","title":{"rendered":"Discover: Lands Unknown *\u00f6ppnat ex*"},"content":{"rendered":"<p>You awaken with a splitting headache and no idea of how you got here. The wilderness stretches in every direction, and something howls in the distance. Your quest for answers will have to wait; first, you need to survive. Will you help the others that are stranded here or will you save yourself at any cost?<\/p>\n<p>When two to four players find themselves marooned in the harsh wilderness, you must cooperate and compete to search for water, food, and tools that will be essential to your very survival. But your adventure holds many secrets. Every copy of Discover: Lands Unknown is unlike any other in the world. A mix of environments, storylines, characters, locations, items, and enemies have been engineered to tell a story unique to every copy of the game thanks to an algorithm that ensures no two copies are alike. Your copy will contain various tiles, cards, and tokens, each pulled from a shared pool of components, and the combination will be different from every other copy in the world.<\/p>\n<p><strong>F\u00f6r 2-4 spelare<\/strong><br \/>\n<strong>90 min speltid<\/strong><br \/>\n<strong>Rekommenderad \u00e5lder: 12 <\/strong><br \/>\n<a href=\"https:\/\/boardgamegeek.com\/boardgame\/258244\/discover-lands-unknown\"><strong>L\u00e4s mer p\u00e5 Boardgamegeek<\/strong><\/a><\/p>","protected":false},"excerpt":{"rendered":"<p>Ny frisk fl\u00e4kt fr\u00e5n Fantasy Flight Games om att bege sig ut p\u00e5 \u00e4ventyr i vildmarken! Ett spel som bokstavligen inte \u00e4r ett annat likt, d\u00e5 varje spell\u00e5da inneh\u00e5ller en unik kombination av milj\u00f6er, f\u00f6rem\u00e5l, historier och karakt\u00e4rer! <strong>OBS. Detta exemplar \u00e4r \u00f6ppnat, men i \u00f6vrigt nytt och oanv\u00e4nt!<\/strong><\/p>","protected":false},"featured_media":38537,"template":"","meta":[],"product_brand":[],"product_cat":[34,112],"product_tag":[18],"class_list":{"0":"post-38536","1":"product","2":"type-product","3":"status-publish","4":"has-post-thumbnail","6":"product_cat-aventyrsspel","7":"product_cat-rea","8":"product_tag-fantasy-flight-games","10":"first","11":"instock","12":"sale","13":"taxable","14":"shipping-taxable","15":"purchasable","16":"product-type-simple"},"_links":{"self":[{"href":"https:\/\/www.alltpaettkort.com\/en\/wp-json\/wp\/v2\/product\/38536","targetHints":{"allow":["GET"]}}],"collection":[{"href":"https:\/\/www.alltpaettkort.com\/en\/wp-json\/wp\/v2\/product"}],"about":[{"href":"https:\/\/www.alltpaettkort.com\/en\/wp-json\/wp\/v2\/types\/product"}],"wp:featuredmedia":[{"embeddable":true,"href":"https:\/\/www.alltpaettkort.com\/en\/wp-json\/wp\/v2\/media\/38537"}],"wp:attachment":[{"href":"https:\/\/www.alltpaettkort.com\/en\/wp-json\/wp\/v2\/media?parent=38536"}],"wp:term":[{"taxonomy":"product_brand","embeddable":true,"href":"https:\/\/www.alltpaettkort.com\/en\/wp-json\/wp\/v2\/product_brand?post=38536"},{"taxonomy":"product_cat","embeddable":true,"href":"https:\/\/www.alltpaettkort.com\/en\/wp-json\/wp\/v2\/product_cat?post=38536"},{"taxonomy":"product_tag","embeddable":true,"href":"https:\/\/www.alltpaettkort.com\/en\/wp-json\/wp\/v2\/product_tag?post=38536"}],"curies":[{"name":"wp","href":"https:\/\/api.w.org\/{rel}","templated":true}]}}