{"id":38559,"date":"2018-11-03T15:33:35","date_gmt":"2018-11-03T15:33:35","guid":{"rendered":"https:\/\/www.alltpaettkort.com\/produkt\/reef\/"},"modified":"2022-01-13T08:37:06","modified_gmt":"2022-01-13T08:37:06","slug":"reef","status":"publish","type":"product","link":"https:\/\/www.alltpaettkort.com\/en\/product\/reef\/","title":{"rendered":"Reef"},"content":{"rendered":"<p>In the game <em><strong>Reef<\/strong><\/em>, players take on the role of the reef itself, alternating\u00a0turns in which they carefully select the colors and patterns in which to grow and expand \u2014 the more beautiful the reef, the more points they score!<\/p>\n<p><em>Reef<\/em> is suited for players aged 8 and up. While it could take thousands of years for a coral reef to grow, a game of <em>Reef<\/em> should take only 30-45 minutes.<\/p>\n<p><strong>F\u00f6r 2-4 spelare<\/strong><br \/>\n<strong>30-45 min speltid<\/strong><br \/>\n<strong>Rekommenderad \u00e5lder: 8 <\/strong><br \/>\n<a href=\"https:\/\/boardgamegeek.com\/boardgame\/244228\/reef\"><strong>L\u00e4s mer p\u00e5 Boardgamegeek<\/strong><\/a><\/p>","protected":false},"excerpt":{"rendered":"<p>Helcharmigt spel om att dyka ner bland korallreven f\u00f6r lite h\u00e4rligt pysslande efter po\u00e4ng!<\/p>","protected":false},"featured_media":38560,"template":"","meta":[],"product_brand":[],"product_cat":[31,30],"product_tag":[55],"class_list":{"0":"post-38559","1":"product","2":"type-product","3":"status-publish","4":"has-post-thumbnail","6":"product_cat-familjespel","7":"product_cat-sallskapsspel","8":"product_tag-pegasus-spiele","10":"first","11":"outofstock","12":"taxable","13":"shipping-taxable","14":"purchasable","15":"product-type-simple"},"_links":{"self":[{"href":"https:\/\/www.alltpaettkort.com\/en\/wp-json\/wp\/v2\/product\/38559","targetHints":{"allow":["GET"]}}],"collection":[{"href":"https:\/\/www.alltpaettkort.com\/en\/wp-json\/wp\/v2\/product"}],"about":[{"href":"https:\/\/www.alltpaettkort.com\/en\/wp-json\/wp\/v2\/types\/product"}],"wp:featuredmedia":[{"embeddable":true,"href":"https:\/\/www.alltpaettkort.com\/en\/wp-json\/wp\/v2\/media\/38560"}],"wp:attachment":[{"href":"https:\/\/www.alltpaettkort.com\/en\/wp-json\/wp\/v2\/media?parent=38559"}],"wp:term":[{"taxonomy":"product_brand","embeddable":true,"href":"https:\/\/www.alltpaettkort.com\/en\/wp-json\/wp\/v2\/product_brand?post=38559"},{"taxonomy":"product_cat","embeddable":true,"href":"https:\/\/www.alltpaettkort.com\/en\/wp-json\/wp\/v2\/product_cat?post=38559"},{"taxonomy":"product_tag","embeddable":true,"href":"https:\/\/www.alltpaettkort.com\/en\/wp-json\/wp\/v2\/product_tag?post=38559"}],"curies":[{"name":"wp","href":"https:\/\/api.w.org\/{rel}","templated":true}]}}