{"id":38590,"date":"2018-11-04T15:38:04","date_gmt":"2018-11-04T15:38:04","guid":{"rendered":"https:\/\/www.alltpaettkort.com\/produkt\/space-park\/"},"modified":"2022-01-13T08:37:08","modified_gmt":"2022-01-13T08:37:08","slug":"space-park","status":"publish","type":"product","link":"https:\/\/www.alltpaettkort.com\/en\/product\/space-park\/","title":{"rendered":"Space Park"},"content":{"rendered":"<p><em>Ride a rocket to extraordinary destinations across our galaxy. During your travels you will gather exotic crystals that further our understanding of what\u2019s out there. Use these crystals to complete exploration badges and turn them in at the mysterious Outpost 13 to prove yourself as the galaxy\u2019s next great space explorer!<\/em><\/p>\n<p><em><strong>Space Park<\/strong><\/em> features a modular board where seven destinations are randomly arranged to form a circle between players. During a player&#8217;s turn, rockets will be on three of the board&#8217;s seven destinations. These rockets symbolize what destinations are available for a player to travel to. Once a player travels to a destination by performing its action, that rocket moves to the next open destination clockwise.<\/p>\n<p>Destinations feature actions such as gaining a certain type of crystal, acquiring a new badge to work toward, turning in your crystals for Explorer Points, or using your trusty explorer-bot Scout to help out. The player with the most Explorer Points at the end of the game wins.<\/p>\n<p><strong>F\u00f6r 1-4 spelare<\/strong><br \/>\n<strong>20-30 min speltid<\/strong><br \/>\n<strong>Rekommenderad \u00e5lder: 14 <\/strong><br \/>\n<a href=\"https:\/\/boardgamegeek.com\/boardgame\/243358\/space-park\"><strong>L\u00e4s mer p\u00e5 Boardgamegeek<\/strong><\/a><\/p>","protected":false},"excerpt":{"rendered":"<p>Br\u00e4nn iv\u00e4g i rymdraket p\u00e5 jakt efter kristaller bland f\u00f6rtjusande retro scifi-estetik!<\/p>","protected":false},"featured_media":38591,"template":"","meta":[],"product_brand":[],"product_cat":[31,17],"product_tag":[496,381],"class_list":{"0":"post-38590","1":"product","2":"type-product","3":"status-publish","4":"has-post-thumbnail","6":"product_cat-familjespel","7":"product_cat-strategispel","8":"product_tag-keymaster-games","9":"product_tag-scifispeltips","11":"first","12":"outofstock","13":"taxable","14":"shipping-taxable","15":"purchasable","16":"product-type-simple"},"_links":{"self":[{"href":"https:\/\/www.alltpaettkort.com\/en\/wp-json\/wp\/v2\/product\/38590","targetHints":{"allow":["GET"]}}],"collection":[{"href":"https:\/\/www.alltpaettkort.com\/en\/wp-json\/wp\/v2\/product"}],"about":[{"href":"https:\/\/www.alltpaettkort.com\/en\/wp-json\/wp\/v2\/types\/product"}],"wp:featuredmedia":[{"embeddable":true,"href":"https:\/\/www.alltpaettkort.com\/en\/wp-json\/wp\/v2\/media\/38591"}],"wp:attachment":[{"href":"https:\/\/www.alltpaettkort.com\/en\/wp-json\/wp\/v2\/media?parent=38590"}],"wp:term":[{"taxonomy":"product_brand","embeddable":true,"href":"https:\/\/www.alltpaettkort.com\/en\/wp-json\/wp\/v2\/product_brand?post=38590"},{"taxonomy":"product_cat","embeddable":true,"href":"https:\/\/www.alltpaettkort.com\/en\/wp-json\/wp\/v2\/product_cat?post=38590"},{"taxonomy":"product_tag","embeddable":true,"href":"https:\/\/www.alltpaettkort.com\/en\/wp-json\/wp\/v2\/product_tag?post=38590"}],"curies":[{"name":"wp","href":"https:\/\/api.w.org\/{rel}","templated":true}]}}