{"id":38640,"date":"2018-11-11T20:56:42","date_gmt":"2018-11-11T20:56:42","guid":{"rendered":"https:\/\/www.alltpaettkort.com\/produkt\/fallout-new-california\/"},"modified":"2022-01-13T08:37:09","modified_gmt":"2022-01-13T08:37:09","slug":"fallout-new-california","status":"publish","type":"product","link":"https:\/\/www.alltpaettkort.com\/en\/product\/fallout-new-california\/","title":{"rendered":"Fallout: New California"},"content":{"rendered":"<p>Ah, California: sunshine, ocean breezes, and radioactive wasteland as far as the eye can see. This desolate coastal state was once a shining jewel, but since the Great War, the region known as New California has fallen into chaos \u2014 which is great news because where there&#8217;s chaos, there&#8217;s loot!<\/p>\n<p>The <em><strong>Fallout: New California<\/strong><\/em> expansion brings new quests, companions, vaults, and items to <em>Fallout: The Board Game<\/em>, letting you venture out into the wasteland as five new characters. While there, you can wander across twelve new map tiles that expand the scenarios found in the original game or head into sunny New California and visit some of the most memorable locations from throughout the <em>Fallout<\/em> series.<\/p>\n<p><strong><a href=\"https:\/\/boardgamegeek.com\/boardgameexpansion\/256481\/fallout-new-california\" target=\"_blank\" rel=\"noopener\">L\u00e4s mer p\u00e5 Boardgamegeek<\/a><\/strong><\/p>","protected":false},"excerpt":{"rendered":"<p>Expansion till Fallout som tar med spelarna p\u00e5 nya strapatser i Kalifornien med nya quest, companions, platser och f\u00f6rem\u00e5l!<\/p>","protected":false},"featured_media":38641,"template":"","meta":[],"product_brand":[],"product_cat":[43],"product_tag":[437,18],"class_list":{"0":"post-38640","1":"product","2":"type-product","3":"status-publish","4":"has-post-thumbnail","6":"product_cat-expansion","7":"product_tag-fallout","8":"product_tag-fantasy-flight-games","10":"first","11":"outofstock","12":"taxable","13":"shipping-taxable","14":"purchasable","15":"product-type-simple"},"_links":{"self":[{"href":"https:\/\/www.alltpaettkort.com\/en\/wp-json\/wp\/v2\/product\/38640","targetHints":{"allow":["GET"]}}],"collection":[{"href":"https:\/\/www.alltpaettkort.com\/en\/wp-json\/wp\/v2\/product"}],"about":[{"href":"https:\/\/www.alltpaettkort.com\/en\/wp-json\/wp\/v2\/types\/product"}],"wp:featuredmedia":[{"embeddable":true,"href":"https:\/\/www.alltpaettkort.com\/en\/wp-json\/wp\/v2\/media\/38641"}],"wp:attachment":[{"href":"https:\/\/www.alltpaettkort.com\/en\/wp-json\/wp\/v2\/media?parent=38640"}],"wp:term":[{"taxonomy":"product_brand","embeddable":true,"href":"https:\/\/www.alltpaettkort.com\/en\/wp-json\/wp\/v2\/product_brand?post=38640"},{"taxonomy":"product_cat","embeddable":true,"href":"https:\/\/www.alltpaettkort.com\/en\/wp-json\/wp\/v2\/product_cat?post=38640"},{"taxonomy":"product_tag","embeddable":true,"href":"https:\/\/www.alltpaettkort.com\/en\/wp-json\/wp\/v2\/product_tag?post=38640"}],"curies":[{"name":"wp","href":"https:\/\/api.w.org\/{rel}","templated":true}]}}