{"id":38809,"date":"2019-06-20T19:05:16","date_gmt":"2019-06-20T19:05:16","guid":{"rendered":"https:\/\/www.alltpaettkort.com\/produkt\/western-legends\/"},"modified":"2022-01-13T08:37:14","modified_gmt":"2022-01-13T08:37:14","slug":"western-legends","status":"publish","type":"product","link":"https:\/\/www.alltpaettkort.com\/en\/product\/western-legends\/","title":{"rendered":"Western Legends"},"content":{"rendered":"<p><em><strong>Western Legends<\/strong><\/em> is an open-world sandbox tabletop adventure for 2-6 players set in the American Wild West. Players assume the roles of historical figures of the era, earning their legendary status in a variety of ways: gamble, drive cattle, prospect for gold, rob the bank, fight bandits, pursue stories, become an outlaw, keep the peace. The possibilities are darn near endless.<\/p>\n<p><strong>F\u00f6r 2-6 spelare<\/strong><br \/>\n<strong>60-90 min speltid<\/strong><br \/>\n<strong>Rekommenderad \u00e5lder: 14 <\/strong><br \/>\n<a href=\"https:\/\/boardgamegeek.com\/boardgame\/232405\/western-legends\"><strong>L\u00e4s mer p\u00e5 Boardgamegeek<\/strong><\/a><\/p>","protected":false},"excerpt":{"rendered":"<p>Url\u00e4ckert sandl\u00e5de-spel i vilda v\u00e4stern! Prova lyckan genom att sl\u00e5ss mot banditer, leta guld, spela eller r\u00e5na bank mm!<\/p>","protected":false},"featured_media":38810,"template":"","meta":[],"product_brand":[],"product_cat":[16,17],"product_tag":[189],"class_list":{"0":"post-38809","1":"product","2":"type-product","3":"status-publish","4":"has-post-thumbnail","6":"product_cat-ameritrash","7":"product_cat-strategispel","8":"product_tag-matagot","10":"first","11":"outofstock","12":"taxable","13":"shipping-taxable","14":"purchasable","15":"product-type-simple"},"_links":{"self":[{"href":"https:\/\/www.alltpaettkort.com\/en\/wp-json\/wp\/v2\/product\/38809","targetHints":{"allow":["GET"]}}],"collection":[{"href":"https:\/\/www.alltpaettkort.com\/en\/wp-json\/wp\/v2\/product"}],"about":[{"href":"https:\/\/www.alltpaettkort.com\/en\/wp-json\/wp\/v2\/types\/product"}],"wp:featuredmedia":[{"embeddable":true,"href":"https:\/\/www.alltpaettkort.com\/en\/wp-json\/wp\/v2\/media\/38810"}],"wp:attachment":[{"href":"https:\/\/www.alltpaettkort.com\/en\/wp-json\/wp\/v2\/media?parent=38809"}],"wp:term":[{"taxonomy":"product_brand","embeddable":true,"href":"https:\/\/www.alltpaettkort.com\/en\/wp-json\/wp\/v2\/product_brand?post=38809"},{"taxonomy":"product_cat","embeddable":true,"href":"https:\/\/www.alltpaettkort.com\/en\/wp-json\/wp\/v2\/product_cat?post=38809"},{"taxonomy":"product_tag","embeddable":true,"href":"https:\/\/www.alltpaettkort.com\/en\/wp-json\/wp\/v2\/product_tag?post=38809"}],"curies":[{"name":"wp","href":"https:\/\/api.w.org\/{rel}","templated":true}]}}