{"id":38963,"date":"2018-12-12T09:21:15","date_gmt":"2018-12-12T09:21:15","guid":{"rendered":"https:\/\/www.alltpaettkort.com\/produkt\/a-game-of-thrones-the-board-game-2nd-edition-mother-of-dragons\/"},"modified":"2022-01-13T08:37:17","modified_gmt":"2022-01-13T08:37:17","slug":"a-game-of-thrones-the-board-game-2nd-edition-mother-of-dragons","status":"publish","type":"product","link":"https:\/\/www.alltpaettkort.com\/en\/product\/a-game-of-thrones-the-board-game-2nd-edition-mother-of-dragons\/","title":{"rendered":"A Game of Thrones: The Board Game (2nd Edition) &#8211; Mother of Dragons"},"content":{"rendered":"<p>Cross the Narrow Sea with the Mother of Dragons expansion for A Game of Thrones: The Board Game! Clawing their way into power, this expansion includes a side board of the Free Cities of Essos and an overlay of the Eyrie, as well as new characters and mechanics to bring House Targaryen and House Arryn into the fray. As you make your claim to the Iron Throne, you can call other Houses to your cause with the new vassal mechanic, or even ask for aid from the Iron Bank of Braavos. But be cautious, for the Iron Bank will have its due, and if your campaign proves to be a poor investment, the money lenders&#8217; retribution will be swift.<\/p>\n<p>This is not a standalone product. It requires a copy of A Game of Thrones: The Board Game Second Edition to play.<\/p>\n<p><strong><a href=\"https:\/\/boardgamegeek.com\/boardgameexpansion\/257496\/game-thrones-board-game-second-edition-mother-drag\" target=\"_blank\" rel=\"noopener\">L\u00e4s mer p\u00e5 Boardgamegeek<br \/>\n<\/a><\/strong><\/p>","protected":false},"excerpt":{"rendered":"<p>Ny matig expansion till Game of Thrones: The Board Game som blandar in House Targaryen och House Arryn i den blodiga kompotten, en ny Essos-kartdel och fler m\u00f6jligheter f\u00f6r samarbete och till med l\u00e5n fr\u00e5n The Iron Bank!<\/p>","protected":false},"featured_media":38964,"template":"","meta":[],"product_brand":[],"product_cat":[43],"product_tag":[60,20,18,61],"class_list":{"0":"post-38963","1":"product","2":"type-product","3":"status-publish","4":"has-post-thumbnail","6":"product_cat-expansion","7":"product_tag-a-game-of-thrones-the-board-game","8":"product_tag-fantasy","9":"product_tag-fantasy-flight-games","10":"product_tag-game-of-thrones","12":"first","13":"outofstock","14":"taxable","15":"shipping-taxable","16":"purchasable","17":"product-type-simple"},"_links":{"self":[{"href":"https:\/\/www.alltpaettkort.com\/en\/wp-json\/wp\/v2\/product\/38963","targetHints":{"allow":["GET"]}}],"collection":[{"href":"https:\/\/www.alltpaettkort.com\/en\/wp-json\/wp\/v2\/product"}],"about":[{"href":"https:\/\/www.alltpaettkort.com\/en\/wp-json\/wp\/v2\/types\/product"}],"wp:featuredmedia":[{"embeddable":true,"href":"https:\/\/www.alltpaettkort.com\/en\/wp-json\/wp\/v2\/media\/38964"}],"wp:attachment":[{"href":"https:\/\/www.alltpaettkort.com\/en\/wp-json\/wp\/v2\/media?parent=38963"}],"wp:term":[{"taxonomy":"product_brand","embeddable":true,"href":"https:\/\/www.alltpaettkort.com\/en\/wp-json\/wp\/v2\/product_brand?post=38963"},{"taxonomy":"product_cat","embeddable":true,"href":"https:\/\/www.alltpaettkort.com\/en\/wp-json\/wp\/v2\/product_cat?post=38963"},{"taxonomy":"product_tag","embeddable":true,"href":"https:\/\/www.alltpaettkort.com\/en\/wp-json\/wp\/v2\/product_tag?post=38963"}],"curies":[{"name":"wp","href":"https:\/\/api.w.org\/{rel}","templated":true}]}}