{"id":39024,"date":"2019-03-13T15:02:18","date_gmt":"2019-03-13T15:02:18","guid":{"rendered":"https:\/\/www.alltpaettkort.com\/produkt\/pandemic-10th-anniversary-edition\/"},"modified":"2022-01-13T08:37:22","modified_gmt":"2022-01-13T08:37:22","slug":"pandemic-10th-anniversary-edition","status":"publish","type":"product","link":"https:\/\/www.alltpaettkort.com\/en\/product\/pandemic-10th-anniversary-edition\/","title":{"rendered":"Pandemic: 10th Anniversary Edition"},"content":{"rendered":"<p>Celebrate a decade of curing diseases with the game that started it all. With new art, a special box, and quality components, this special anniversary edition is a must-have for fans of <em>Pandemic<\/em>.<\/p>\n<p><strong>F\u00f6r 2-4 spelare<\/strong><br \/>\n<strong>60 min speltid<\/strong><br \/>\n<strong>Rekommenderad \u00e5lder: 10 <\/strong><strong><a href=\"http:\/\/boardgamegeek.com\/boardgame\/30549\/pandemic\" target=\"_blank\" rel=\"noopener\"><br \/>\nL\u00e4s mer p\u00e5 Boardgamegeek<\/a><\/strong><\/p>","protected":false},"excerpt":{"rendered":"<p>Urtjusig lyxutg\u00e5va av ett av v\u00e4rldens mest \u00e4lskade samarbetsspel d\u00e4r spelarna tillsammans hindrar d\u00f6dliga virus fr\u00e5n att utpl\u00e5na m\u00e4nskligheten!<em><br \/>\n<\/em><\/p>","protected":false},"featured_media":39025,"template":"","meta":[],"product_brand":[],"product_cat":[31,17],"product_tag":[25,73,187,57],"class_list":{"0":"post-39024","1":"product","2":"type-product","3":"status-publish","4":"has-post-thumbnail","6":"product_cat-familjespel","7":"product_cat-strategispel","8":"product_tag-co-op","9":"product_tag-klassiskatips","10":"product_tag-pandemic","11":"product_tag-z-man-games","13":"first","14":"outofstock","15":"taxable","16":"shipping-taxable","17":"purchasable","18":"product-type-simple"},"_links":{"self":[{"href":"https:\/\/www.alltpaettkort.com\/en\/wp-json\/wp\/v2\/product\/39024","targetHints":{"allow":["GET"]}}],"collection":[{"href":"https:\/\/www.alltpaettkort.com\/en\/wp-json\/wp\/v2\/product"}],"about":[{"href":"https:\/\/www.alltpaettkort.com\/en\/wp-json\/wp\/v2\/types\/product"}],"wp:featuredmedia":[{"embeddable":true,"href":"https:\/\/www.alltpaettkort.com\/en\/wp-json\/wp\/v2\/media\/39025"}],"wp:attachment":[{"href":"https:\/\/www.alltpaettkort.com\/en\/wp-json\/wp\/v2\/media?parent=39024"}],"wp:term":[{"taxonomy":"product_brand","embeddable":true,"href":"https:\/\/www.alltpaettkort.com\/en\/wp-json\/wp\/v2\/product_brand?post=39024"},{"taxonomy":"product_cat","embeddable":true,"href":"https:\/\/www.alltpaettkort.com\/en\/wp-json\/wp\/v2\/product_cat?post=39024"},{"taxonomy":"product_tag","embeddable":true,"href":"https:\/\/www.alltpaettkort.com\/en\/wp-json\/wp\/v2\/product_tag?post=39024"}],"curies":[{"name":"wp","href":"https:\/\/api.w.org\/{rel}","templated":true}]}}