{"id":39092,"date":"2018-10-15T14:46:29","date_gmt":"2018-10-15T14:46:29","guid":{"rendered":"https:\/\/www.alltpaettkort.com\/produkt\/exit-the-game-the-mysterious-museum\/"},"modified":"2022-01-13T08:37:24","modified_gmt":"2022-01-13T08:37:24","slug":"exit-the-game-the-mysterious-museum","status":"publish","type":"product","link":"https:\/\/www.alltpaettkort.com\/en\/product\/exit-the-game-the-mysterious-museum\/","title":{"rendered":"Exit: The Game \u2013 The Mysterious Museum"},"content":{"rendered":"<p><em>You are on a trip to the Florence Natural History Museum, intent on visiting the sunken treasure of the Santa Maria. Your relaxing day at the museum is quickly derailed by an incredible adventure! Can you solve the mysteries of the museum and find a way out?\u00a0<\/em><\/p>\n<p><em><strong>Exit: The Game \u2013 The Mysterious Museum<\/strong><\/em> is a puzzle game modeled after escape rooms.<\/p>\n<p>Starting with season 3, the <em>Exit<\/em> series is divided into difficulty levels. <em>The Mysterious Museum<\/em> is categorized at beginner level.<\/p>\n<p><strong>F\u00f6r 1-6 spelare<br \/>\n<\/strong><strong>45-90 min speltid<br \/>\n<\/strong><strong>Rekommenderad \u00e5lder: 12 <\/strong><br \/>\n<strong><a href=\"https:\/\/boardgamegeek.com\/boardgame\/244918\/exit-game-mysterious-museum\" target=\"_blank\" rel=\"noopener noreferrer\">L\u00e4s mer p\u00e5 Boardgamegeek<\/a><\/strong><\/p>","protected":false},"excerpt":{"rendered":"<p>Ett bes\u00f6k p\u00e5 museums f\u00f6rvandlas till ett otroligt \u00e4ventyr! The Mysterious Museum \u00e4r en superbra introduktion till den lysande Exit-serien som har gjort stor succ\u00e9 med sina kniviga \u00e4ventyr fyllda med \u00f6verraskningar, pussel och utmaningar!<\/p>","protected":false},"featured_media":39093,"template":"","meta":[],"product_brand":[],"product_cat":[34,30],"product_tag":[436,387],"class_list":{"0":"post-39092","1":"product","2":"type-product","3":"status-publish","4":"has-post-thumbnail","6":"product_cat-aventyrsspel","7":"product_cat-sallskapsspel","8":"product_tag-exit-the-game","9":"product_tag-kosmos","11":"first","12":"outofstock","13":"taxable","14":"shipping-taxable","15":"purchasable","16":"product-type-simple"},"_links":{"self":[{"href":"https:\/\/www.alltpaettkort.com\/en\/wp-json\/wp\/v2\/product\/39092","targetHints":{"allow":["GET"]}}],"collection":[{"href":"https:\/\/www.alltpaettkort.com\/en\/wp-json\/wp\/v2\/product"}],"about":[{"href":"https:\/\/www.alltpaettkort.com\/en\/wp-json\/wp\/v2\/types\/product"}],"wp:featuredmedia":[{"embeddable":true,"href":"https:\/\/www.alltpaettkort.com\/en\/wp-json\/wp\/v2\/media\/39093"}],"wp:attachment":[{"href":"https:\/\/www.alltpaettkort.com\/en\/wp-json\/wp\/v2\/media?parent=39092"}],"wp:term":[{"taxonomy":"product_brand","embeddable":true,"href":"https:\/\/www.alltpaettkort.com\/en\/wp-json\/wp\/v2\/product_brand?post=39092"},{"taxonomy":"product_cat","embeddable":true,"href":"https:\/\/www.alltpaettkort.com\/en\/wp-json\/wp\/v2\/product_cat?post=39092"},{"taxonomy":"product_tag","embeddable":true,"href":"https:\/\/www.alltpaettkort.com\/en\/wp-json\/wp\/v2\/product_tag?post=39092"}],"curies":[{"name":"wp","href":"https:\/\/api.w.org\/{rel}","templated":true}]}}