{"id":39103,"date":"2019-05-24T15:22:38","date_gmt":"2019-05-24T15:22:38","guid":{"rendered":"https:\/\/www.alltpaettkort.com\/produkt\/the-quacks-of-quedlinburg\/"},"modified":"2024-11-01T12:16:46","modified_gmt":"2024-11-01T12:16:46","slug":"the-quacks-of-quedlinburg","status":"publish","type":"product","link":"https:\/\/www.alltpaettkort.com\/en\/product\/the-quacks-of-quedlinburg\/","title":{"rendered":"The Quacks of Quedlinburg"},"content":{"rendered":"<p>In <em><strong>Die Quacksalber von Quedlinburg<\/strong><\/em>, each of the player charlatans (&#8221;Quacksalber&#8221; in German) makes their own secret brew, drawing ingredients from the shared supply bag to do this. Take care with what you draw, though, for a pinch too many peas will spoil the whole mixture. If you stop in time to cook only the small portion you have, maybe you can then use the income you earn from selling this creation to buy more valuable ingredients in the future, making your next potion even better to bring in many points.<\/p>\n<p><strong>F\u00f6r 2-4 spelare<\/strong><br \/>\n<strong>45 min speltid<\/strong><br \/>\n<strong>Rekommenderad \u00e5lder: 10 <\/strong><br \/>\n<a href=\"https:\/\/boardgamegeek.com\/boardgame\/244521\/quacks-quedlinburg\"><strong>L\u00e4s mer p\u00e5 Boardgamegeek<\/strong><\/a><\/p>","protected":false},"excerpt":{"rendered":"<p>Prova lyckan som en \u00e4kta kvacksalvare och g\u00f6r s\u00e5 m\u00e5nga hemliga och inkomstbringande brygder som m\u00f6jligt! 2018 Kennerspiel des Jahres-vinnare! OBS. Detta exemplar har en mindre kantskada<\/p>","protected":false},"featured_media":39104,"template":"","meta":[],"product_brand":[],"product_cat":[29,17],"product_tag":[501,502],"class_list":{"0":"post-39103","1":"product","2":"type-product","3":"status-publish","4":"has-post-thumbnail","6":"product_cat-eurospel","7":"product_cat-strategispel","8":"product_tag-schmidt-spiele","9":"product_tag-the-quacks-of-quedlinburg","11":"first","12":"outofstock","13":"taxable","14":"shipping-taxable","15":"purchasable","16":"product-type-simple"},"_links":{"self":[{"href":"https:\/\/www.alltpaettkort.com\/en\/wp-json\/wp\/v2\/product\/39103","targetHints":{"allow":["GET"]}}],"collection":[{"href":"https:\/\/www.alltpaettkort.com\/en\/wp-json\/wp\/v2\/product"}],"about":[{"href":"https:\/\/www.alltpaettkort.com\/en\/wp-json\/wp\/v2\/types\/product"}],"wp:featuredmedia":[{"embeddable":true,"href":"https:\/\/www.alltpaettkort.com\/en\/wp-json\/wp\/v2\/media\/39104"}],"wp:attachment":[{"href":"https:\/\/www.alltpaettkort.com\/en\/wp-json\/wp\/v2\/media?parent=39103"}],"wp:term":[{"taxonomy":"product_brand","embeddable":true,"href":"https:\/\/www.alltpaettkort.com\/en\/wp-json\/wp\/v2\/product_brand?post=39103"},{"taxonomy":"product_cat","embeddable":true,"href":"https:\/\/www.alltpaettkort.com\/en\/wp-json\/wp\/v2\/product_cat?post=39103"},{"taxonomy":"product_tag","embeddable":true,"href":"https:\/\/www.alltpaettkort.com\/en\/wp-json\/wp\/v2\/product_tag?post=39103"}],"curies":[{"name":"wp","href":"https:\/\/api.w.org\/{rel}","templated":true}]}}