{"id":39351,"date":"2020-09-18T11:23:41","date_gmt":"2020-09-18T11:23:41","guid":{"rendered":"https:\/\/www.alltpaettkort.com\/produkt\/the-lord-of-the-rings-journeys-in-middle-earth\/"},"modified":"2022-11-06T16:24:01","modified_gmt":"2022-11-06T16:24:01","slug":"the-lord-of-the-rings-journeys-in-middle-earth","status":"publish","type":"product","link":"https:\/\/www.alltpaettkort.com\/en\/product\/the-lord-of-the-rings-journeys-in-middle-earth\/","title":{"rendered":"The Lord of the Rings: Journeys in Middle-earth"},"content":{"rendered":"<p>Embark on your own adventures in J.R.R. Tolkien\u2019s iconic world with The Lord of the Rings: Journeys in Middle-earth, a fully cooperative, app-supported board game for one to five players! You\u2019ll battle villainous foes, make courageous choices, and strike a blow against the evil that threatens the land\u2014all as part of a thrilling campaign that leads you across the storied hills and dales of Middle-earth.<\/p>\n<p>Each individual game of Journeys in Middle-earth is a single adventure in a larger campaign. You\u2019ll explore the vast and dynamic landscapes of Middle-earth, using your skills to survive the challenges that you encounter on these perilous quests. As you and your fellow heroes explore the wilderness and battle the dark forces arrayed against you, the game\u2019s companion app guides you to reveal the looming forests, quiet clearings, and ancient halls of Middle-earth, while also controlling the enemies you encounter. Whether you\u2019re venturing into the wild on your own or with close companions by your side, you can write your own legend in the history of Middle-earth.<\/p>\n<p><strong>F\u00f6r 1-5 spelare<\/strong><br \/>\n<strong>60 min speltid<\/strong><br \/>\n<strong>Rekommenderad \u00e5lder: 14 <\/strong><br \/>\n<a href=\"https:\/\/boardgamegeek.com\/boardgame\/269385\/lord-rings-journeys-middle-earth\"><strong>L\u00e4s mer p\u00e5 Boardgamegeek<\/strong><\/a><\/p>","protected":false},"excerpt":{"rendered":"<p>Mycket episkt nytt Lord of the Rings-spel fr\u00e5n Fantasy Flight Games d\u00e4r spelarna samarbetar och \u00e4ventyrar tillsammans! P\u00e5 samma s\u00e4tt som senaste utg\u00e5van av Mansions of Madness, kommer en app att leda \u00e4ventyret fram\u00e5t i en l\u00e5ng rafflande kampanj!<\/p>","protected":false},"featured_media":39352,"template":"","meta":[],"product_brand":[],"product_cat":[16,34],"product_tag":[18,504],"class_list":{"0":"post-39351","1":"product","2":"type-product","3":"status-publish","4":"has-post-thumbnail","6":"product_cat-ameritrash","7":"product_cat-aventyrsspel","8":"product_tag-fantasy-flight-games","9":"product_tag-journeys-in-middle-earth","11":"first","12":"outofstock","13":"taxable","14":"shipping-taxable","15":"purchasable","16":"product-type-simple"},"_links":{"self":[{"href":"https:\/\/www.alltpaettkort.com\/en\/wp-json\/wp\/v2\/product\/39351","targetHints":{"allow":["GET"]}}],"collection":[{"href":"https:\/\/www.alltpaettkort.com\/en\/wp-json\/wp\/v2\/product"}],"about":[{"href":"https:\/\/www.alltpaettkort.com\/en\/wp-json\/wp\/v2\/types\/product"}],"wp:featuredmedia":[{"embeddable":true,"href":"https:\/\/www.alltpaettkort.com\/en\/wp-json\/wp\/v2\/media\/39352"}],"wp:attachment":[{"href":"https:\/\/www.alltpaettkort.com\/en\/wp-json\/wp\/v2\/media?parent=39351"}],"wp:term":[{"taxonomy":"product_brand","embeddable":true,"href":"https:\/\/www.alltpaettkort.com\/en\/wp-json\/wp\/v2\/product_brand?post=39351"},{"taxonomy":"product_cat","embeddable":true,"href":"https:\/\/www.alltpaettkort.com\/en\/wp-json\/wp\/v2\/product_cat?post=39351"},{"taxonomy":"product_tag","embeddable":true,"href":"https:\/\/www.alltpaettkort.com\/en\/wp-json\/wp\/v2\/product_tag?post=39351"}],"curies":[{"name":"wp","href":"https:\/\/api.w.org\/{rel}","templated":true}]}}