{"id":39440,"date":"2019-01-30T10:13:11","date_gmt":"2019-01-30T10:13:11","guid":{"rendered":"https:\/\/www.alltpaettkort.com\/produkt\/scythe-encounters\/"},"modified":"2022-01-13T08:37:32","modified_gmt":"2022-01-13T08:37:32","slug":"scythe-encounters","status":"publish","type":"product","link":"https:\/\/www.alltpaettkort.com\/en\/product\/scythe-encounters\/","title":{"rendered":"Scythe Encounters"},"content":{"rendered":"<p>In June 2018, <em>Scythe<\/em> fans were invited to make a design for ONE encounter card using specific art.\u00a0Jamey reviewed the submissions, selected his favorites (often mixing and matching various submissions), and developed them. Now the <em><strong>Scythe Encounters<\/strong><\/em> promo boxed set is a reality!<\/p>\n<p><em>Scythe Encounters<\/em> is a boxed set of 32 brand-new promo encounter cards. These cards feature a number of innovations in the encounter system. We recommend that you play with them on their own for a few games; after that you can shuffle them into the regular encounter deck.<\/p>\n<p><a href=\"https:\/\/boardgamegeek.com\/boardgameexpansion\/262151\/scythe-encounters\"><strong>L\u00e4s mer p\u00e5 Boardgamegeek<\/strong><\/a><\/p>","protected":false},"excerpt":{"rendered":"<p>32 nya Encounter-kort till Scythe f\u00f6r att f\u00e5 in lite nytt blod i spelomg\u00e5ngarna!<\/p>","protected":false},"featured_media":39441,"template":"","meta":[],"product_brand":[],"product_cat":[43],"product_tag":[352,263],"class_list":{"0":"post-39440","1":"product","2":"type-product","3":"status-publish","4":"has-post-thumbnail","6":"product_cat-expansion","7":"product_tag-scythe","8":"product_tag-stonemaier-games","10":"first","11":"outofstock","12":"taxable","13":"shipping-taxable","14":"purchasable","15":"product-type-simple"},"_links":{"self":[{"href":"https:\/\/www.alltpaettkort.com\/en\/wp-json\/wp\/v2\/product\/39440","targetHints":{"allow":["GET"]}}],"collection":[{"href":"https:\/\/www.alltpaettkort.com\/en\/wp-json\/wp\/v2\/product"}],"about":[{"href":"https:\/\/www.alltpaettkort.com\/en\/wp-json\/wp\/v2\/types\/product"}],"wp:featuredmedia":[{"embeddable":true,"href":"https:\/\/www.alltpaettkort.com\/en\/wp-json\/wp\/v2\/media\/39441"}],"wp:attachment":[{"href":"https:\/\/www.alltpaettkort.com\/en\/wp-json\/wp\/v2\/media?parent=39440"}],"wp:term":[{"taxonomy":"product_brand","embeddable":true,"href":"https:\/\/www.alltpaettkort.com\/en\/wp-json\/wp\/v2\/product_brand?post=39440"},{"taxonomy":"product_cat","embeddable":true,"href":"https:\/\/www.alltpaettkort.com\/en\/wp-json\/wp\/v2\/product_cat?post=39440"},{"taxonomy":"product_tag","embeddable":true,"href":"https:\/\/www.alltpaettkort.com\/en\/wp-json\/wp\/v2\/product_tag?post=39440"}],"curies":[{"name":"wp","href":"https:\/\/api.w.org\/{rel}","templated":true}]}}