{"id":39596,"date":"2019-04-08T14:24:46","date_gmt":"2019-04-08T14:24:46","guid":{"rendered":"https:\/\/www.alltpaettkort.com\/produkt\/underwater-cities\/"},"modified":"2022-01-13T08:37:34","modified_gmt":"2022-01-13T08:37:34","slug":"underwater-cities","status":"publish","type":"product","link":"https:\/\/www.alltpaettkort.com\/en\/product\/underwater-cities\/","title":{"rendered":"Underwater Cities (\u00f6ppnat ex)"},"content":{"rendered":"<p>In <em><strong>Underwater Cities<\/strong><\/em>, which takes about 30-45 minutes per player, players represent the most powerful brains in the world, brains nominated due to the overpopulation of Earth to establish the best and most livable underwater areas possible.<\/p>\n<p>The main principle of the game is card placement. Three colored cards are placed along the edge of the main board into 3 x 5 slots, which are also colored. Ideally players can place cards into slots of the same color. Then they can take both actions and advantages: the action depicted in the slot on the main board and also the advantage of the card. Actions and advantages can allow players to intake raw materials; to build and upgrade city domes, tunnels and production buildings such as farms, desalination devices and laboratories in their personal underwater area; to move their marker on the initiative track (which is important for player order in the next turn); to activate the player&#8217;s &#8221;A-cards&#8221;; and to collect cards, both special ones and basic ones that allow for better decision possibilities during gameplay.<\/p>\n<p>All of the nearly 220 cards \u2014 whether special or basic \u2014 are divided into four types according to the way and time of use. Underwater areas are planned to be double-sided, giving players many opportunities to achieve VPs and finally win.<\/p>\n<p><strong>F\u00f6r 1-4 spelare<\/strong><br \/>\n<strong>80-150 min speltid<\/strong><br \/>\n<strong>Rekommenderad \u00e5lder: 12 <\/strong><br \/>\n<a href=\"https:\/\/boardgamegeek.com\/boardgame\/247763\/underwater-cities\"><strong>L\u00e4s mer p\u00e5 Boardgamegeek<\/strong><\/a><\/p>","protected":false},"excerpt":{"rendered":"<p>Hyllad undervattensp\u00e4rla till spel som p\u00e5minner om ett Terraforming Mars under det bl\u00e5! <strong>Obs. Detta exemplar \u00e4r \u00f6ppnat och spelat en g\u00e5ng, men komplett och i gott skick<\/strong><\/p>","protected":false},"featured_media":39597,"template":"","meta":[],"product_brand":[],"product_cat":[29,17],"product_tag":[506],"class_list":{"0":"post-39596","1":"product","2":"type-product","3":"status-publish","4":"has-post-thumbnail","6":"product_cat-eurospel","7":"product_cat-strategispel","8":"product_tag-delicious-games","10":"first","11":"outofstock","12":"sale","13":"taxable","14":"shipping-taxable","15":"purchasable","16":"product-type-simple"},"_links":{"self":[{"href":"https:\/\/www.alltpaettkort.com\/en\/wp-json\/wp\/v2\/product\/39596","targetHints":{"allow":["GET"]}}],"collection":[{"href":"https:\/\/www.alltpaettkort.com\/en\/wp-json\/wp\/v2\/product"}],"about":[{"href":"https:\/\/www.alltpaettkort.com\/en\/wp-json\/wp\/v2\/types\/product"}],"wp:featuredmedia":[{"embeddable":true,"href":"https:\/\/www.alltpaettkort.com\/en\/wp-json\/wp\/v2\/media\/39597"}],"wp:attachment":[{"href":"https:\/\/www.alltpaettkort.com\/en\/wp-json\/wp\/v2\/media?parent=39596"}],"wp:term":[{"taxonomy":"product_brand","embeddable":true,"href":"https:\/\/www.alltpaettkort.com\/en\/wp-json\/wp\/v2\/product_brand?post=39596"},{"taxonomy":"product_cat","embeddable":true,"href":"https:\/\/www.alltpaettkort.com\/en\/wp-json\/wp\/v2\/product_cat?post=39596"},{"taxonomy":"product_tag","embeddable":true,"href":"https:\/\/www.alltpaettkort.com\/en\/wp-json\/wp\/v2\/product_tag?post=39596"}],"curies":[{"name":"wp","href":"https:\/\/api.w.org\/{rel}","templated":true}]}}