{"id":39650,"date":"2019-02-28T09:14:28","date_gmt":"2019-02-28T09:14:28","guid":{"rendered":"https:\/\/www.alltpaettkort.com\/produkt\/thanos-rising-avengers-infinity-war\/"},"modified":"2022-01-13T08:37:36","modified_gmt":"2022-01-13T08:37:36","slug":"thanos-rising-avengers-infinity-war","status":"publish","type":"product","link":"https:\/\/www.alltpaettkort.com\/en\/product\/thanos-rising-avengers-infinity-war\/","title":{"rendered":"Thanos Rising: Avengers Infinity War"},"content":{"rendered":"<p><em><strong>Thanos Rising: Avengers Infinity War<\/strong><\/em> is a cooperative dice and card game for 2-4 players.<\/p>\n<p>In the game, players recruit heroes and assemble a team to face off against Thanos and his villainous forces in an effort to thwart him from accomplishing his master plan: Collecting all six Infinity Stones to power the Infinity Gauntlet and wreak havoc on the very fabric of reality. Building upon the strengths of the characters on their team, as well as other players, winning requires critical thinking and communication to reach a common goal.<\/p>\n<p><strong>F\u00f6r 2-4 spelare<\/strong><br \/>\n<strong>60-90 min speltid<\/strong><br \/>\n<strong>Rekommenderad \u00e5lder: 10 <\/strong><br \/>\n<a href=\"https:\/\/boardgamegeek.com\/boardgame\/248158\/thanos-rising-avengers-infinity-war\"><strong>L\u00e4s mer p\u00e5 Boardgamegeek<\/strong><\/a><\/p>","protected":false},"excerpt":{"rendered":"<p>Mustigt samarbetsspel om att samla ihop superhj\u00e4ltar och kn\u00e4ppa Thanos p\u00e5 n\u00e4san!<\/p>","protected":false},"featured_media":39651,"template":"","meta":[],"product_brand":[],"product_cat":[16,17],"product_tag":[476],"class_list":{"0":"post-39650","1":"product","2":"type-product","3":"status-publish","4":"has-post-thumbnail","6":"product_cat-ameritrash","7":"product_cat-strategispel","8":"product_tag-usaopoly","10":"first","11":"outofstock","12":"taxable","13":"shipping-taxable","14":"purchasable","15":"product-type-simple"},"_links":{"self":[{"href":"https:\/\/www.alltpaettkort.com\/en\/wp-json\/wp\/v2\/product\/39650","targetHints":{"allow":["GET"]}}],"collection":[{"href":"https:\/\/www.alltpaettkort.com\/en\/wp-json\/wp\/v2\/product"}],"about":[{"href":"https:\/\/www.alltpaettkort.com\/en\/wp-json\/wp\/v2\/types\/product"}],"wp:featuredmedia":[{"embeddable":true,"href":"https:\/\/www.alltpaettkort.com\/en\/wp-json\/wp\/v2\/media\/39651"}],"wp:attachment":[{"href":"https:\/\/www.alltpaettkort.com\/en\/wp-json\/wp\/v2\/media?parent=39650"}],"wp:term":[{"taxonomy":"product_brand","embeddable":true,"href":"https:\/\/www.alltpaettkort.com\/en\/wp-json\/wp\/v2\/product_brand?post=39650"},{"taxonomy":"product_cat","embeddable":true,"href":"https:\/\/www.alltpaettkort.com\/en\/wp-json\/wp\/v2\/product_cat?post=39650"},{"taxonomy":"product_tag","embeddable":true,"href":"https:\/\/www.alltpaettkort.com\/en\/wp-json\/wp\/v2\/product_tag?post=39650"}],"curies":[{"name":"wp","href":"https:\/\/api.w.org\/{rel}","templated":true}]}}