{"id":39721,"date":"2019-01-08T07:40:04","date_gmt":"2019-01-08T07:40:04","guid":{"rendered":"https:\/\/www.alltpaettkort.com\/produkt\/dice-throne-season-two-tactician-v-huntress\/"},"modified":"2022-01-13T08:37:39","modified_gmt":"2022-01-13T08:37:39","slug":"dice-throne-season-two-tactician-v-huntress","status":"publish","type":"product","link":"https:\/\/www.alltpaettkort.com\/en\/product\/dice-throne-season-two-tactician-v-huntress\/","title":{"rendered":"Dice Throne: Season Two \u2013 Tactician v. Huntress"},"content":{"rendered":"<p>Dice Throne is a game of intriguing dice, tactical card play, powerful heroes, and unique abilities.<\/p>\n<p>It&#8217;s a fast-paced 2-6 player combat game (1v1, 2v2, 3v3, 2v2v2, or free-for-all). Select from a variety of heroes that play and feel completely distinct from one another. Attack opponents and activate abilities by rolling your hero&#8217;s unique set of five dice. Accumulate combat points and spend them on cards that have a large range of effects, such as granting permanent hero upgrades, applying status effects, and manipulating dice directly (yours, your teammate&#8217;s, or even your opponent&#8217;s).<\/p>\n<p>Dice Throne: Season Two introduces a roster of new heroes and intriguing new matchups.<\/p>\n<p>A stand alone game supporting 2 players. Additional heroes required to play with more than 2 players.<\/p>\n<p><strong><a href=\"https:\/\/boardgamegeek.com\/boardgame\/266965\/dice-throne-season-two-tactician-v-huntress\" target=\"_blank\" rel=\"noopener\">L\u00e4s mer p\u00e5 Boardgamegeek<\/a><\/strong><\/p>","protected":false},"excerpt":{"rendered":"<p>Tv\u00e5 nya karakt\u00e4rer med t\u00e4rningar till finfina Dice Throne! Den h\u00e4r g\u00e5ngen f\u00e5r du en slug taktiker och en lurig huntress!<\/p>","protected":false},"featured_media":0,"template":"","meta":[],"product_brand":[],"product_cat":[43],"product_tag":[468,400],"class_list":{"0":"post-39721","1":"product","2":"type-product","3":"status-publish","5":"product_cat-expansion","6":"product_tag-dice-throne","7":"product_tag-roxley-games","9":"first","10":"outofstock","11":"taxable","12":"shipping-taxable","13":"purchasable","14":"product-type-simple"},"_links":{"self":[{"href":"https:\/\/www.alltpaettkort.com\/en\/wp-json\/wp\/v2\/product\/39721","targetHints":{"allow":["GET"]}}],"collection":[{"href":"https:\/\/www.alltpaettkort.com\/en\/wp-json\/wp\/v2\/product"}],"about":[{"href":"https:\/\/www.alltpaettkort.com\/en\/wp-json\/wp\/v2\/types\/product"}],"wp:attachment":[{"href":"https:\/\/www.alltpaettkort.com\/en\/wp-json\/wp\/v2\/media?parent=39721"}],"wp:term":[{"taxonomy":"product_brand","embeddable":true,"href":"https:\/\/www.alltpaettkort.com\/en\/wp-json\/wp\/v2\/product_brand?post=39721"},{"taxonomy":"product_cat","embeddable":true,"href":"https:\/\/www.alltpaettkort.com\/en\/wp-json\/wp\/v2\/product_cat?post=39721"},{"taxonomy":"product_tag","embeddable":true,"href":"https:\/\/www.alltpaettkort.com\/en\/wp-json\/wp\/v2\/product_tag?post=39721"}],"curies":[{"name":"wp","href":"https:\/\/api.w.org\/{rel}","templated":true}]}}