{"id":39766,"date":"2019-01-22T11:09:40","date_gmt":"2019-01-22T11:09:40","guid":{"rendered":"https:\/\/www.alltpaettkort.com\/produkt\/azul-stained-glass-of-sintra\/"},"modified":"2022-01-13T08:37:39","modified_gmt":"2022-01-13T08:37:39","slug":"azul-stained-glass-of-sintra","status":"publish","type":"product","link":"https:\/\/www.alltpaettkort.com\/en\/product\/azul-stained-glass-of-sintra\/","title":{"rendered":"Azul: Stained Glass of Sintra (\u00f6ppnat ex)"},"content":{"rendered":"<p>Created by Michael Kiesling, <em><strong>Azul: Stained Glass of Sintra<\/strong><\/em> challenges players to carefully select glass panes to complete their windows while being careful not to damage or waste supplies in the process. The window panels are double-sided, providing players with a dynamic player board that affords nearly infinite variability!<\/p>\n<p>Players can expect to discover new unique art and components in <em>Azul: Stained Glass of Sintra<\/em>, including translucent window pane pieces, a tower to hold discarded glass panes, and double-sided player boards and window pane panels, in addition to many other beautiful components!<\/p>\n<p><strong>F\u00f6r 2-4 spelare<\/strong><br \/>\n<strong>30-45 min speltid<\/strong><br \/>\n<strong>Rekommenderad \u00e5lder: 8 <\/strong><br \/>\n<a href=\"https:\/\/boardgamegeek.com\/boardgame\/256226\/azul-stained-glass-sintra\"><strong>L\u00e4s mer p\u00e5 Boardgamegeek<\/strong><\/a><\/p>","protected":false},"excerpt":{"rendered":"<p>Makal\u00f6st fin uppf\u00f6ljare till det lysande Azul! Det h\u00e4r \u00e4r den nordiska utg\u00e5van med svenska regler! <strong>OBS. Detta exemplar \u00e4r \u00f6ppnat, men i \u00f6vrigt komplett, i gott skick och aldrig spelat.<\/strong><\/p>","protected":false},"featured_media":39767,"template":"","meta":[],"product_brand":[],"product_cat":[31,30,17],"product_tag":[],"class_list":{"0":"post-39766","1":"product","2":"type-product","3":"status-publish","4":"has-post-thumbnail","6":"product_cat-familjespel","7":"product_cat-sallskapsspel","8":"product_cat-strategispel","10":"first","11":"outofstock","12":"sale","13":"taxable","14":"shipping-taxable","15":"purchasable","16":"product-type-simple"},"_links":{"self":[{"href":"https:\/\/www.alltpaettkort.com\/en\/wp-json\/wp\/v2\/product\/39766","targetHints":{"allow":["GET"]}}],"collection":[{"href":"https:\/\/www.alltpaettkort.com\/en\/wp-json\/wp\/v2\/product"}],"about":[{"href":"https:\/\/www.alltpaettkort.com\/en\/wp-json\/wp\/v2\/types\/product"}],"wp:featuredmedia":[{"embeddable":true,"href":"https:\/\/www.alltpaettkort.com\/en\/wp-json\/wp\/v2\/media\/39767"}],"wp:attachment":[{"href":"https:\/\/www.alltpaettkort.com\/en\/wp-json\/wp\/v2\/media?parent=39766"}],"wp:term":[{"taxonomy":"product_brand","embeddable":true,"href":"https:\/\/www.alltpaettkort.com\/en\/wp-json\/wp\/v2\/product_brand?post=39766"},{"taxonomy":"product_cat","embeddable":true,"href":"https:\/\/www.alltpaettkort.com\/en\/wp-json\/wp\/v2\/product_cat?post=39766"},{"taxonomy":"product_tag","embeddable":true,"href":"https:\/\/www.alltpaettkort.com\/en\/wp-json\/wp\/v2\/product_tag?post=39766"}],"curies":[{"name":"wp","href":"https:\/\/api.w.org\/{rel}","templated":true}]}}