{"id":39804,"date":"2019-03-29T14:08:10","date_gmt":"2019-03-29T14:08:10","guid":{"rendered":"https:\/\/www.alltpaettkort.com\/produkt\/t-i-m-e-stories-madame\/"},"modified":"2022-01-13T08:37:40","modified_gmt":"2022-01-13T08:37:40","slug":"t-i-m-e-stories-madame","status":"publish","type":"product","link":"https:\/\/www.alltpaettkort.com\/en\/product\/t-i-m-e-stories-madame\/","title":{"rendered":"T.I.M.E Stories: Madame"},"content":{"rendered":"<p>N.T. 1673: Ah ! Versailles. Its court. Its eIteTqtue.<br \/>\niTs p1SG3Tre. DO. Hdesba rgasezfl.<br \/>\nFATAL 3RR0R : 3ND OF TR4NSMISSION. 1011100101.___<br \/>\nAfter this adventure, nothing will ever be the same again&#8230;<\/p>\n<p><em><strong>Madame<\/strong><\/em> is the tenth scenario for <em>T.I.M.E Stories<\/em> and promises to shake things up.<\/p>\n<p><strong><a href=\"https:\/\/boardgamegeek.com\/boardgameexpansion\/266217\/time-stories-madame\" target=\"_blank\" rel=\"noopener\">L\u00e4s mer p\u00e5 Boardgamegeek<\/a><\/strong><\/p>\n<p>&nbsp;<\/p>","protected":false},"excerpt":{"rendered":"<p>Nytt sp\u00e4nnande \u00e4ventyr till T.I.M.E Stories som lovar att skaka om rej\u00e4lt!<\/p>","protected":false},"featured_media":39805,"template":"","meta":[],"product_brand":[],"product_cat":[43],"product_tag":[332,346],"class_list":{"0":"post-39804","1":"product","2":"type-product","3":"status-publish","4":"has-post-thumbnail","6":"product_cat-expansion","7":"product_tag-space-cowboys","8":"product_tag-t-i-m-e-stories","10":"first","11":"outofstock","12":"taxable","13":"shipping-taxable","14":"purchasable","15":"product-type-simple"},"_links":{"self":[{"href":"https:\/\/www.alltpaettkort.com\/en\/wp-json\/wp\/v2\/product\/39804","targetHints":{"allow":["GET"]}}],"collection":[{"href":"https:\/\/www.alltpaettkort.com\/en\/wp-json\/wp\/v2\/product"}],"about":[{"href":"https:\/\/www.alltpaettkort.com\/en\/wp-json\/wp\/v2\/types\/product"}],"wp:featuredmedia":[{"embeddable":true,"href":"https:\/\/www.alltpaettkort.com\/en\/wp-json\/wp\/v2\/media\/39805"}],"wp:attachment":[{"href":"https:\/\/www.alltpaettkort.com\/en\/wp-json\/wp\/v2\/media?parent=39804"}],"wp:term":[{"taxonomy":"product_brand","embeddable":true,"href":"https:\/\/www.alltpaettkort.com\/en\/wp-json\/wp\/v2\/product_brand?post=39804"},{"taxonomy":"product_cat","embeddable":true,"href":"https:\/\/www.alltpaettkort.com\/en\/wp-json\/wp\/v2\/product_cat?post=39804"},{"taxonomy":"product_tag","embeddable":true,"href":"https:\/\/www.alltpaettkort.com\/en\/wp-json\/wp\/v2\/product_tag?post=39804"}],"curies":[{"name":"wp","href":"https:\/\/api.w.org\/{rel}","templated":true}]}}